{"id":726,"date":"2021-04-17T11:32:31","date_gmt":"2021-04-17T11:32:31","guid":{"rendered":"https:\/\/galerie-nudel.de\/?page_id=726"},"modified":"2023-03-01T10:39:14","modified_gmt":"2023-03-01T10:39:14","slug":"profil","status":"publish","type":"page","link":"https:\/\/galerie-nudel.de\/index.php\/profil\/","title":{"rendered":"\u00dcber den K\u00fcnstler"},"content":{"rendered":"\t\t<div data-elementor-type=\"wp-page\" data-elementor-id=\"726\" class=\"elementor elementor-726\">\n\t\t\t\t\t\t<section class=\"elementor-section elementor-top-section elementor-element elementor-element-493b7bd elementor-section-boxed elementor-section-height-default elementor-section-height-default\" data-id=\"493b7bd\" data-element_type=\"section\" data-e-type=\"section\">\n\t\t\t\t\t\t<div class=\"elementor-container elementor-column-gap-default\">\n\t\t\t\t\t<div class=\"elementor-column elementor-col-100 elementor-top-column elementor-element elementor-element-c93b7cf\" data-id=\"c93b7cf\" data-element_type=\"column\" data-e-type=\"column\">\n\t\t\t<div class=\"elementor-widget-wrap\">\n\t\t\t\t\t\t\t<\/div>\n\t\t<\/div>\n\t\t\t\t\t<\/div>\n\t\t<\/section>\n\t\t\t\t<section class=\"elementor-section elementor-top-section elementor-element elementor-element-cc1595b elementor-section-boxed elementor-section-height-default elementor-section-height-default\" data-id=\"cc1595b\" data-element_type=\"section\" data-e-type=\"section\">\n\t\t\t\t\t\t<div class=\"elementor-container elementor-column-gap-default\">\n\t\t\t\t\t<div class=\"elementor-column elementor-col-100 elementor-top-column elementor-element elementor-element-e780a36\" data-id=\"e780a36\" data-element_type=\"column\" data-e-type=\"column\">\n\t\t\t<div class=\"elementor-widget-wrap elementor-element-populated\">\n\t\t\t\t\t\t<div class=\"elementor-element elementor-element-24ef4c1 elementor-widget elementor-widget-heading\" data-id=\"24ef4c1\" data-element_type=\"widget\" data-e-type=\"widget\" data-widget_type=\"heading.default\">\n\t\t\t\t<div class=\"elementor-widget-container\">\n\t\t\t\t\t<h3 class=\"elementor-heading-title elementor-size-default\">\u00dcber den K\u00fcnstler<\/h3>\t\t\t\t<\/div>\n\t\t\t\t<\/div>\n\t\t\t\t<div class=\"elementor-element elementor-element-5d0f180 elementor-widget elementor-widget-heading\" data-id=\"5d0f180\" data-element_type=\"widget\" data-e-type=\"widget\" data-widget_type=\"heading.default\">\n\t\t\t\t<div class=\"elementor-widget-container\">\n\t\t\t\t\t<h2 class=\"elementor-heading-title elementor-size-default\">Viktor Kovalyk<\/h2>\t\t\t\t<\/div>\n\t\t\t\t<\/div>\n\t\t\t\t<div class=\"elementor-element elementor-element-89a27a6 elementor-widget-divider--view-line elementor-widget elementor-widget-divider\" data-id=\"89a27a6\" data-element_type=\"widget\" data-e-type=\"widget\" data-widget_type=\"divider.default\">\n\t\t\t\t<div class=\"elementor-widget-container\">\n\t\t\t\t\t\t\t<div class=\"elementor-divider\">\n\t\t\t<span class=\"elementor-divider-separator\">\n\t\t\t\t\t\t<\/span>\n\t\t<\/div>\n\t\t\t\t\t\t<\/div>\n\t\t\t\t<\/div>\n\t\t\t\t<div class=\"elementor-element elementor-element-d31f22a elementor-widget elementor-widget-text-editor\" data-id=\"d31f22a\" data-element_type=\"widget\" data-e-type=\"widget\" data-widget_type=\"text-editor.default\">\n\t\t\t\t<div class=\"elementor-widget-container\">\n\t\t\t\t\t\t\t\t\t<p style=\"page-break-before: always;\"><span style=\"font-family: 'Arial',sans-serif; mso-bidi-font-family: 'Times New Roman';\">Viktor Kovalyk ist ein Inkognito-K\u00fcnstler, dessen Werke durch ihre Tiefe und psychologische Symbolik faszinieren,\u00a0 in denen in wunderbaren Bildern Natur, Licht und Mysterium verk\u00f6rpert sind \u2013 wo sich der Singular als Ganzes widerspiegelt.<\/span><\/p><p><span style=\"font-family: Arial, sans-serif; color: var( --e-global-color-text );\">Viktor Kovalyk wurde am 20. April 1974 geboren. Von 1985 bis 1989 besuchte Viktor eine Kunstschule f\u00fcr Kinder und schloss diese mit Auszeichnung ab. 1993 trat er in das Staatliche Institut f\u00fcr dekorative und angewandte Kunst und Design in Kiew ein und studierte an der Fakult\u00e4t f\u00fcr Grafikdesign. Das Institut f\u00fchrt sich auf die Zeichenschule von Nikolai Murashko zur\u00fcck, auf die Kiewer Kunstschule (1900-1920) und die Kiewer Schule f\u00fcr Angewandte Kunst (1938-1957), an der auch der weltber\u00fchmte K\u00fcnstler Kasimir Malewitsch lehrte. Auch Alexander Murashko, Nikolay Pimonenko, Alexander Archipenko und Ivan Kavaleridze unterrichteten dort. Die Werke der Sch\u00fcler und Lehrer des Instituts werden bis heute in Museen in Deutschland, Italien, Australien, den USA, Kanada, Polen und anderen L\u00e4ndern ausgestellt.<\/span><\/p><p><span style=\"font-family: Arial, sans-serif; color: var( --e-global-color-text );\">Im Jahr 1996, nach seinem erfolgreichen Studienabschluss, widmete sich Viktor der Entwicklung einer eigenen Handschrift und experimentierte mit den Techniken, die sich sp\u00e4ter auch in seinen Werken wiederspiegelen sollten. Heute beherrscht Viktor Kovalyk viele k\u00fcnstlerische Techniken, ein Zeichen seines einzigartigen Talents und seiner Berufung. Der K\u00fcnstler verf\u00fcgt \u00fcber eine breite Palette und demonstriert mit seinem K\u00f6nnen gekonnt und mutig sein Weltbild, das durch Vielseitigkeit besticht.<\/span><\/p><p><span style=\"font-family: Arial, sans-serif; color: var( --e-global-color-text );\">Der Autor sch\u00e4tzt die Unabh\u00e4ngigkeit und bevorzugt ein Leben, das der Suche und kreativen Entwicklung gewidmet ist. Er arbeitet allein und betrachtet das Leben als eine Einheit von Bedeutungen.<\/span><\/p>\t\t\t\t\t\t\t\t<\/div>\n\t\t\t\t<\/div>\n\t\t\t\t\t<\/div>\n\t\t<\/div>\n\t\t\t\t\t<\/div>\n\t\t<\/section>\n\t\t\t\t<section class=\"elementor-section elementor-top-section elementor-element elementor-element-c6a8e14 elementor-section-boxed elementor-section-height-default elementor-section-height-default\" data-id=\"c6a8e14\" data-element_type=\"section\" data-e-type=\"section\">\n\t\t\t\t\t\t<div class=\"elementor-container elementor-column-gap-default\">\n\t\t\t\t\t<div class=\"elementor-column elementor-col-100 elementor-top-column elementor-element elementor-element-09a0a03\" data-id=\"09a0a03\" data-element_type=\"column\" data-e-type=\"column\">\n\t\t\t<div class=\"elementor-widget-wrap elementor-element-populated\">\n\t\t\t\t\t\t<div class=\"elementor-element elementor-element-ad2dd97 elementor-widget elementor-widget-heading\" data-id=\"ad2dd97\" data-element_type=\"widget\" data-e-type=\"widget\" data-widget_type=\"heading.default\">\n\t\t\t\t<div class=\"elementor-widget-container\">\n\t\t\t\t\t<h2 class=\"elementor-heading-title elementor-size-default\">Das  Geheimnis der alten Meister<\/h2>\t\t\t\t<\/div>\n\t\t\t\t<\/div>\n\t\t\t\t\t<\/div>\n\t\t<\/div>\n\t\t\t\t\t<\/div>\n\t\t<\/section>\n\t\t\t\t<\/div>\n\t\t","protected":false},"excerpt":{"rendered":"<p>\u00dcber den K\u00fcnstler Viktor Kovalyk Viktor Kovalyk ist ein Inkognito-K\u00fcnstler, dessen Werke durch ihre Tiefe und psychologische Symbolik faszinieren,&nbsp; in denen in wunderbaren Bildern Natur, Licht und Mysterium verk\u00f6rpert sind \u2013 wo sich der Singular als Ganzes widerspiegelt. Viktor Kovalyk wurde am 20. April 1974 geboren. Von 1985 bis 1989 besuchte Viktor eine Kunstschule f\u00fcr <a href=\"https:\/\/galerie-nudel.de\/index.php\/profil\/\" class=\"more-link\">\u2026\u00a0<span class=\"screen-reader-text\">  \u00dcber den K\u00fcnstler<\/span><\/a><\/p>\n","protected":false},"author":1,"featured_media":0,"parent":0,"menu_order":50,"comment_status":"closed","ping_status":"closed","template":"","meta":{"footnotes":""},"class_list":["post-726","page","type-page","status-publish","hentry"],"yoast_head":"<!-- This site is optimized with the Yoast SEO plugin v27.3 - https:\/\/yoast.com\/product\/yoast-seo-wordpress\/ -->\n<title>K\u00fcnstler Viktor Kovalyk - Kunst Galerie Dirk Nudel D\u00fcsseldorf<\/title>\n<meta name=\"description\" content=\"Das Profil von Viktor Kovalyk, ein Inkognito-K\u00fcnstler, dessen Werke durch ihre Tiefe und psychologische Symbolik faszinieren.\" \/>\n<meta name=\"robots\" content=\"index, follow, max-snippet:-1, max-image-preview:large, max-video-preview:-1\" \/>\n<link rel=\"canonical\" href=\"https:\/\/galerie-nudel.de\/index.php\/profil\/\" \/>\n<meta property=\"og:locale\" content=\"de_DE\" \/>\n<meta property=\"og:type\" content=\"article\" \/>\n<meta property=\"og:title\" content=\"K\u00fcnstler Viktor Kovalyk - Kunst Galerie Dirk Nudel D\u00fcsseldorf\" \/>\n<meta property=\"og:description\" content=\"Das Profil von Viktor Kovalyk, ein Inkognito-K\u00fcnstler, dessen Werke durch ihre Tiefe und psychologische Symbolik faszinieren.\" \/>\n<meta property=\"og:url\" content=\"https:\/\/galerie-nudel.de\/index.php\/profil\/\" \/>\n<meta property=\"og:site_name\" content=\"Galerie Dirk Nudel\" \/>\n<meta property=\"article:modified_time\" content=\"2023-03-01T10:39:14+00:00\" \/>\n<meta name=\"twitter:card\" content=\"summary_large_image\" \/>\n<meta name=\"twitter:label1\" content=\"Gesch\u00e4tzte Lesezeit\" \/>\n\t<meta name=\"twitter:data1\" content=\"2\u00a0Minuten\" \/>\n<script type=\"application\/ld+json\" class=\"yoast-schema-graph\">{\"@context\":\"https:\\\/\\\/schema.org\",\"@graph\":[{\"@type\":\"WebPage\",\"@id\":\"https:\\\/\\\/galerie-nudel.de\\\/index.php\\\/profil\\\/\",\"url\":\"https:\\\/\\\/galerie-nudel.de\\\/index.php\\\/profil\\\/\",\"name\":\"K\u00fcnstler Viktor Kovalyk - Kunst Galerie Dirk Nudel D\u00fcsseldorf\",\"isPartOf\":{\"@id\":\"https:\\\/\\\/galerie-nudel.de\\\/#website\"},\"datePublished\":\"2021-04-17T11:32:31+00:00\",\"dateModified\":\"2023-03-01T10:39:14+00:00\",\"description\":\"Das Profil von Viktor Kovalyk, ein Inkognito-K\u00fcnstler, dessen Werke durch ihre Tiefe und psychologische Symbolik faszinieren.\",\"breadcrumb\":{\"@id\":\"https:\\\/\\\/galerie-nudel.de\\\/index.php\\\/profil\\\/#breadcrumb\"},\"inLanguage\":\"de\",\"potentialAction\":[{\"@type\":\"ReadAction\",\"target\":[\"https:\\\/\\\/galerie-nudel.de\\\/index.php\\\/profil\\\/\"]}]},{\"@type\":\"BreadcrumbList\",\"@id\":\"https:\\\/\\\/galerie-nudel.de\\\/index.php\\\/profil\\\/#breadcrumb\",\"itemListElement\":[{\"@type\":\"ListItem\",\"position\":1,\"name\":\"Startseite\",\"item\":\"https:\\\/\\\/galerie-nudel.de\\\/\"},{\"@type\":\"ListItem\",\"position\":2,\"name\":\"\u00dcber den K\u00fcnstler\"}]},{\"@type\":\"WebSite\",\"@id\":\"https:\\\/\\\/galerie-nudel.de\\\/#website\",\"url\":\"https:\\\/\\\/galerie-nudel.de\\\/\",\"name\":\"Galerie Dirk Nudel\",\"description\":\"\",\"potentialAction\":[{\"@type\":\"SearchAction\",\"target\":{\"@type\":\"EntryPoint\",\"urlTemplate\":\"https:\\\/\\\/galerie-nudel.de\\\/?s={search_term_string}\"},\"query-input\":{\"@type\":\"PropertyValueSpecification\",\"valueRequired\":true,\"valueName\":\"search_term_string\"}}],\"inLanguage\":\"de\"}]}<\/script>\n<!-- \/ Yoast SEO plugin. -->","yoast_head_json":{"title":"K\u00fcnstler Viktor Kovalyk - Kunst Galerie Dirk Nudel D\u00fcsseldorf","description":"Das Profil von Viktor Kovalyk, ein Inkognito-K\u00fcnstler, dessen Werke durch ihre Tiefe und psychologische Symbolik faszinieren.","robots":{"index":"index","follow":"follow","max-snippet":"max-snippet:-1","max-image-preview":"max-image-preview:large","max-video-preview":"max-video-preview:-1"},"canonical":"https:\/\/galerie-nudel.de\/index.php\/profil\/","og_locale":"de_DE","og_type":"article","og_title":"K\u00fcnstler Viktor Kovalyk - Kunst Galerie Dirk Nudel D\u00fcsseldorf","og_description":"Das Profil von Viktor Kovalyk, ein Inkognito-K\u00fcnstler, dessen Werke durch ihre Tiefe und psychologische Symbolik faszinieren.","og_url":"https:\/\/galerie-nudel.de\/index.php\/profil\/","og_site_name":"Galerie Dirk Nudel","article_modified_time":"2023-03-01T10:39:14+00:00","twitter_card":"summary_large_image","twitter_misc":{"Gesch\u00e4tzte Lesezeit":"2\u00a0Minuten"},"schema":{"@context":"https:\/\/schema.org","@graph":[{"@type":"WebPage","@id":"https:\/\/galerie-nudel.de\/index.php\/profil\/","url":"https:\/\/galerie-nudel.de\/index.php\/profil\/","name":"K\u00fcnstler Viktor Kovalyk - Kunst Galerie Dirk Nudel D\u00fcsseldorf","isPartOf":{"@id":"https:\/\/galerie-nudel.de\/#website"},"datePublished":"2021-04-17T11:32:31+00:00","dateModified":"2023-03-01T10:39:14+00:00","description":"Das Profil von Viktor Kovalyk, ein Inkognito-K\u00fcnstler, dessen Werke durch ihre Tiefe und psychologische Symbolik faszinieren.","breadcrumb":{"@id":"https:\/\/galerie-nudel.de\/index.php\/profil\/#breadcrumb"},"inLanguage":"de","potentialAction":[{"@type":"ReadAction","target":["https:\/\/galerie-nudel.de\/index.php\/profil\/"]}]},{"@type":"BreadcrumbList","@id":"https:\/\/galerie-nudel.de\/index.php\/profil\/#breadcrumb","itemListElement":[{"@type":"ListItem","position":1,"name":"Startseite","item":"https:\/\/galerie-nudel.de\/"},{"@type":"ListItem","position":2,"name":"\u00dcber den K\u00fcnstler"}]},{"@type":"WebSite","@id":"https:\/\/galerie-nudel.de\/#website","url":"https:\/\/galerie-nudel.de\/","name":"Galerie Dirk Nudel","description":"","potentialAction":[{"@type":"SearchAction","target":{"@type":"EntryPoint","urlTemplate":"https:\/\/galerie-nudel.de\/?s={search_term_string}"},"query-input":{"@type":"PropertyValueSpecification","valueRequired":true,"valueName":"search_term_string"}}],"inLanguage":"de"}]}},"_links":{"self":[{"href":"https:\/\/galerie-nudel.de\/index.php\/wp-json\/wp\/v2\/pages\/726","targetHints":{"allow":["GET"]}}],"collection":[{"href":"https:\/\/galerie-nudel.de\/index.php\/wp-json\/wp\/v2\/pages"}],"about":[{"href":"https:\/\/galerie-nudel.de\/index.php\/wp-json\/wp\/v2\/types\/page"}],"author":[{"embeddable":true,"href":"https:\/\/galerie-nudel.de\/index.php\/wp-json\/wp\/v2\/users\/1"}],"replies":[{"embeddable":true,"href":"https:\/\/galerie-nudel.de\/index.php\/wp-json\/wp\/v2\/comments?post=726"}],"version-history":[{"count":20,"href":"https:\/\/galerie-nudel.de\/index.php\/wp-json\/wp\/v2\/pages\/726\/revisions"}],"predecessor-version":[{"id":2079,"href":"https:\/\/galerie-nudel.de\/index.php\/wp-json\/wp\/v2\/pages\/726\/revisions\/2079"}],"wp:attachment":[{"href":"https:\/\/galerie-nudel.de\/index.php\/wp-json\/wp\/v2\/media?parent=726"}],"curies":[{"name":"wp","href":"https:\/\/api.w.org\/{rel}","templated":true}]}}