{"id":361,"date":"2021-03-18T13:40:39","date_gmt":"2021-03-18T13:40:39","guid":{"rendered":"https:\/\/galerie-nudel.de\/?page_id=361"},"modified":"2023-03-01T10:44:16","modified_gmt":"2023-03-01T10:44:16","slug":"herbstliche-motive","status":"publish","type":"page","link":"https:\/\/galerie-nudel.de\/index.php\/viktor-kovalyk\/sofort-erhaeltliche-werke\/herbstliche-motive\/","title":{"rendered":"Herbstliche Motive"},"content":{"rendered":"\t\t<div data-elementor-type=\"wp-page\" data-elementor-id=\"361\" class=\"elementor elementor-361\">\n\t\t\t\t\t\t<section class=\"elementor-section elementor-top-section elementor-element elementor-element-493b7bd elementor-section-boxed elementor-section-height-default elementor-section-height-default\" data-id=\"493b7bd\" data-element_type=\"section\" data-e-type=\"section\">\n\t\t\t\t\t\t<div class=\"elementor-container elementor-column-gap-default\">\n\t\t\t\t\t<div class=\"elementor-column elementor-col-100 elementor-top-column elementor-element elementor-element-c93b7cf\" data-id=\"c93b7cf\" data-element_type=\"column\" data-e-type=\"column\">\n\t\t\t<div class=\"elementor-widget-wrap\">\n\t\t\t\t\t\t\t<\/div>\n\t\t<\/div>\n\t\t\t\t\t<\/div>\n\t\t<\/section>\n\t\t\t\t<section class=\"elementor-section elementor-top-section elementor-element elementor-element-cc1595b elementor-section-boxed elementor-section-height-default elementor-section-height-default\" data-id=\"cc1595b\" data-element_type=\"section\" data-e-type=\"section\">\n\t\t\t\t\t\t<div class=\"elementor-container elementor-column-gap-default\">\n\t\t\t\t\t<div class=\"elementor-column elementor-col-50 elementor-top-column elementor-element elementor-element-e780a36\" data-id=\"e780a36\" data-element_type=\"column\" data-e-type=\"column\">\n\t\t\t<div class=\"elementor-widget-wrap elementor-element-populated\">\n\t\t\t\t\t\t<div class=\"elementor-element elementor-element-24ef4c1 elementor-widget elementor-widget-heading\" data-id=\"24ef4c1\" data-element_type=\"widget\" data-e-type=\"widget\" data-widget_type=\"heading.default\">\n\t\t\t\t<div class=\"elementor-widget-container\">\n\t\t\t\t\t<h3 class=\"elementor-heading-title elementor-size-default\"><a href=\"https:\/\/galerie-nudel.de\/index.php\/viktor-kovalyk\/sofort-erhaeltliche-werke\/\">&lt; Viktor Kovalyk - sofort erh\u00e4ltlich<\/a><\/h3>\t\t\t\t<\/div>\n\t\t\t\t<\/div>\n\t\t\t\t<div class=\"elementor-element elementor-element-5d0f180 elementor-widget elementor-widget-heading\" data-id=\"5d0f180\" data-element_type=\"widget\" data-e-type=\"widget\" data-widget_type=\"heading.default\">\n\t\t\t\t<div class=\"elementor-widget-container\">\n\t\t\t\t\t<h2 class=\"elementor-heading-title elementor-size-default\">Herbstliche Motive<\/h2>\t\t\t\t<\/div>\n\t\t\t\t<\/div>\n\t\t\t\t<div class=\"elementor-element elementor-element-89a27a6 elementor-widget-divider--view-line elementor-widget elementor-widget-divider\" data-id=\"89a27a6\" data-element_type=\"widget\" data-e-type=\"widget\" data-widget_type=\"divider.default\">\n\t\t\t\t<div class=\"elementor-widget-container\">\n\t\t\t\t\t\t\t<div class=\"elementor-divider\">\n\t\t\t<span class=\"elementor-divider-separator\">\n\t\t\t\t\t\t<\/span>\n\t\t<\/div>\n\t\t\t\t\t\t<\/div>\n\t\t\t\t<\/div>\n\t\t\t\t\t<\/div>\n\t\t<\/div>\n\t\t\t\t<div class=\"elementor-column elementor-col-50 elementor-top-column elementor-element elementor-element-ddcbed5\" data-id=\"ddcbed5\" data-element_type=\"column\" data-e-type=\"column\">\n\t\t\t<div class=\"elementor-widget-wrap elementor-element-populated\">\n\t\t\t\t\t\t<div class=\"elementor-element elementor-element-0df31a3 elementor-widget elementor-widget-heading\" data-id=\"0df31a3\" data-element_type=\"widget\" data-e-type=\"widget\" data-widget_type=\"heading.default\">\n\t\t\t\t<div class=\"elementor-widget-container\">\n\t\t\t\t\t<h3 class=\"elementor-heading-title elementor-size-default\"><a href=\"https:\/\/galerie-nudel.de\/index.php\/viktor-kovalyk\/sofort-erhaeltliche-werke\/sonnenblumen\/\">N\u00e4chstes Bild ansehen &gt;<\/a><\/h3>\t\t\t\t<\/div>\n\t\t\t\t<\/div>\n\t\t\t\t\t<\/div>\n\t\t<\/div>\n\t\t\t\t\t<\/div>\n\t\t<\/section>\n\t\t\t\t<section class=\"elementor-section elementor-top-section elementor-element elementor-element-f6d2083 elementor-section-boxed elementor-section-height-default elementor-section-height-default\" data-id=\"f6d2083\" data-element_type=\"section\" data-e-type=\"section\">\n\t\t\t\t\t\t<div class=\"elementor-container elementor-column-gap-default\">\n\t\t\t\t\t<div class=\"elementor-column elementor-col-50 elementor-top-column elementor-element elementor-element-dc9f7cf\" data-id=\"dc9f7cf\" data-element_type=\"column\" data-e-type=\"column\">\n\t\t\t<div class=\"elementor-widget-wrap elementor-element-populated\">\n\t\t\t\t\t\t<div class=\"elementor-element elementor-element-9d51157 zoooom pointer elementor-widget elementor-widget-image\" data-id=\"9d51157\" data-element_type=\"widget\" data-e-type=\"widget\" data-widget_type=\"image.default\">\n\t\t\t\t<div class=\"elementor-widget-container\">\n\t\t\t\t\t\t\t\t\t\t\t\t\t\t\t\t<a href=\"https:\/\/galerie-nudel.de\/wp-content\/uploads\/2021\/04\/Herbstliche-Motive-large.jpg\" data-elementor-open-lightbox=\"no\">\n\t\t\t\t\t\t\t<img fetchpriority=\"high\" decoding=\"async\" width=\"4000\" height=\"2283\" src=\"https:\/\/galerie-nudel.de\/wp-content\/uploads\/2021\/04\/Herbstliche-Motive-large.jpg\" class=\"attachment-full size-full wp-image-995\" alt=\"Herbstliche Motive, Leinen, Aquarell, \u00d6l, Pigment, Lack, 126x80 cm\" srcset=\"https:\/\/galerie-nudel.de\/wp-content\/uploads\/2021\/04\/Herbstliche-Motive-large.jpg 4000w, https:\/\/galerie-nudel.de\/wp-content\/uploads\/2021\/04\/Herbstliche-Motive-large-300x171.jpg 300w, https:\/\/galerie-nudel.de\/wp-content\/uploads\/2021\/04\/Herbstliche-Motive-large-1024x584.jpg 1024w, https:\/\/galerie-nudel.de\/wp-content\/uploads\/2021\/04\/Herbstliche-Motive-large-1536x877.jpg 1536w, https:\/\/galerie-nudel.de\/wp-content\/uploads\/2021\/04\/Herbstliche-Motive-large-2048x1169.jpg 2048w\" sizes=\"(max-width: 4000px) 100vw, 4000px\" \/>\t\t\t\t\t\t\t\t<\/a>\n\t\t\t\t\t\t\t\t\t\t\t\t\t\t\t<\/div>\n\t\t\t\t<\/div>\n\t\t\t\t<div class=\"elementor-element elementor-element-ca8a4f4 elementor-widget elementor-widget-spacer\" data-id=\"ca8a4f4\" data-element_type=\"widget\" data-e-type=\"widget\" data-widget_type=\"spacer.default\">\n\t\t\t\t<div class=\"elementor-widget-container\">\n\t\t\t\t\t\t\t<div class=\"elementor-spacer\">\n\t\t\t<div class=\"elementor-spacer-inner\"><\/div>\n\t\t<\/div>\n\t\t\t\t\t\t<\/div>\n\t\t\t\t<\/div>\n\t\t\t\t\t<\/div>\n\t\t<\/div>\n\t\t\t\t<div class=\"elementor-column elementor-col-50 elementor-top-column elementor-element elementor-element-ec757f8\" data-id=\"ec757f8\" data-element_type=\"column\" data-e-type=\"column\">\n\t\t\t<div class=\"elementor-widget-wrap elementor-element-populated\">\n\t\t\t\t\t\t<div class=\"elementor-element elementor-element-25e238a elementor-widget__width-initial elementor-widget-mobile__width-inherit elementor-widget elementor-widget-text-editor\" data-id=\"25e238a\" data-element_type=\"widget\" data-e-type=\"widget\" data-widget_type=\"text-editor.default\">\n\t\t\t\t<div class=\"elementor-widget-container\">\n\t\t\t\t\t\t\t\t\t<p>Viktor Kovalyk<br \/>\u00a0&#8222;Herbstliche Motive&#8220;<\/p><p>Material: Leinen, Aquarell, \u00d6l, Pigment, Lack<\/p><p>Ma\u00dfe: 126x80cm<\/p>\t\t\t\t\t\t\t\t<\/div>\n\t\t\t\t<\/div>\n\t\t\t\t\t<\/div>\n\t\t<\/div>\n\t\t\t\t\t<\/div>\n\t\t<\/section>\n\t\t\t\t<section class=\"elementor-section elementor-top-section elementor-element elementor-element-461650a elementor-section-boxed elementor-section-height-default elementor-section-height-default\" data-id=\"461650a\" data-element_type=\"section\" data-e-type=\"section\">\n\t\t\t\t\t\t\t<div class=\"elementor-background-overlay\"><\/div>\n\t\t\t\t\t\t\t<div class=\"elementor-container elementor-column-gap-default\">\n\t\t\t\t\t<div class=\"elementor-column elementor-col-100 elementor-top-column elementor-element elementor-element-8e7515c\" data-id=\"8e7515c\" data-element_type=\"column\" data-e-type=\"column\">\n\t\t\t<div class=\"elementor-widget-wrap elementor-element-populated\">\n\t\t\t\t\t\t<div class=\"elementor-element elementor-element-a615979 elementor-widget elementor-widget-heading\" data-id=\"a615979\" data-element_type=\"widget\" data-e-type=\"widget\" data-widget_type=\"heading.default\">\n\t\t\t\t<div class=\"elementor-widget-container\">\n\t\t\t\t\t<h2 class=\"elementor-heading-title elementor-size-default\">Herbstliche Motive von Viktor Kovalyk<\/h2>\t\t\t\t<\/div>\n\t\t\t\t<\/div>\n\t\t\t\t<div class=\"elementor-element elementor-element-1705d56 elementor-widget-divider--view-line elementor-widget elementor-widget-divider\" data-id=\"1705d56\" data-element_type=\"widget\" data-e-type=\"widget\" data-widget_type=\"divider.default\">\n\t\t\t\t<div class=\"elementor-widget-container\">\n\t\t\t\t\t\t\t<div class=\"elementor-divider\">\n\t\t\t<span class=\"elementor-divider-separator\">\n\t\t\t\t\t\t<\/span>\n\t\t<\/div>\n\t\t\t\t\t\t<\/div>\n\t\t\t\t<\/div>\n\t\t\t\t<div class=\"elementor-element elementor-element-cdb11cc elementor-widget__width-initial elementor-widget-mobile__width-inherit elementor-widget elementor-widget-text-editor\" data-id=\"cdb11cc\" data-element_type=\"widget\" data-e-type=\"widget\" data-widget_type=\"text-editor.default\">\n\t\t\t\t<div class=\"elementor-widget-container\">\n\t\t\t\t\t\t\t\t\t<p>Das Gem\u00e4lde &#8222;Herbstliche Motive&#8220; von Viktor Kovalyk zeigt das Bild eines Sonnenuntergangs, voller Lyrik und harmonisch pr\u00e4sentiert. Dem Autor ist es gelungen, die kleinen Facetten eines Herbstmomentes im saisonalen Zyklus darzustellen, Techniken wie Grafi, Aquarell und Lasurmalerei sind organisch miteinander kombiniert.<\/p><p>K\u00fcnstlerisch durch viele kleine Striche visualisiert entsteht ein Gef\u00fchl f\u00fcr die ganzheitliche Wahrnehmung des Werkes: Leinwand, Technik, Farbe und Licht sowie die Wahl des Ausschnittes harmonieren in ihrer Ausf\u00fchrung.<\/p><p>Viktor Kovalyk erzeugt Ton\u00fcberg\u00e4nge von gro\u00dfer Feinheit, macht so das Licht und seine Effekte sichtbar und erzeugt ausdrucksstarke Reflexionen. Das von Viktor Kovalyk geschaffene Herbstbild besticht durch seine einzigartige Bildhaftigkeit, die sich in der organischen Kombination von Leinwand, Kunststoff, Farbe und Form widerspiegelt.<\/p><p>All das bildet ein einzigartiges Mosaik, das die Reinheit, Nachdenklichkeit und Vollst\u00e4ndigkeit des Herbstes vermittelt. Dieses prachtvolle Darstellung eines Herbstes zeigt den Charakter der Jahreszeit, der durch seine Best\u00e4ndigkeit anzieht.<\/p><p>Das K\u00f6nnen des K\u00fcnstlers verwirklicht die Sch\u00f6nheit der umgebenden Welt in all ihren Erscheinungsformen, vom Beginn bis hin zum Verfall. Der Anblick weckt den Wunsch, die Einzigartigkeit des Augenblicks zu bewahren, die Zeit zu betrachten und sie zu erkennen.\u00a0 Damit ist das Werk voller Tiefe, philosophischer Vision und Weisheit.<\/p><p>Dirk Nudel<\/p>\t\t\t\t\t\t\t\t<\/div>\n\t\t\t\t<\/div>\n\t\t\t\t\t<\/div>\n\t\t<\/div>\n\t\t\t\t\t<\/div>\n\t\t<\/section>\n\t\t\t\t<section class=\"elementor-section elementor-top-section elementor-element elementor-element-c371d2a elementor-section-boxed elementor-section-height-default elementor-section-height-default\" data-id=\"c371d2a\" data-element_type=\"section\" data-e-type=\"section\">\n\t\t\t\t\t\t<div class=\"elementor-container elementor-column-gap-default\">\n\t\t\t\t\t<div class=\"elementor-column elementor-col-100 elementor-top-column elementor-element elementor-element-bae4845\" data-id=\"bae4845\" data-element_type=\"column\" data-e-type=\"column\">\n\t\t\t<div class=\"elementor-widget-wrap\">\n\t\t\t\t\t\t\t<\/div>\n\t\t<\/div>\n\t\t\t\t\t<\/div>\n\t\t<\/section>\n\t\t\t\t<\/div>\n\t\t","protected":false},"excerpt":{"rendered":"<p>&lt; Viktor Kovalyk &#8211; sofort erh\u00e4ltlich Herbstliche Motive N\u00e4chstes Bild ansehen &gt; Viktor Kovalyk &nbsp;&#8222;Herbstliche Motive&#8220; Material: Leinen, Aquarell, \u00d6l, Pigment, Lack Ma\u00dfe: 126x80cm Herbstliche Motive von Viktor Kovalyk Das Gem\u00e4lde &#8222;Herbstliche Motive&#8220; von Viktor Kovalyk zeigt das Bild eines Sonnenuntergangs, voller Lyrik und harmonisch pr\u00e4sentiert. Dem Autor ist es gelungen, die kleinen Facetten eines <a href=\"https:\/\/galerie-nudel.de\/index.php\/viktor-kovalyk\/sofort-erhaeltliche-werke\/herbstliche-motive\/\" class=\"more-link\">\u2026\u00a0<span class=\"screen-reader-text\">  Herbstliche Motive<\/span><\/a><\/p>\n","protected":false},"author":1,"featured_media":0,"parent":216,"menu_order":34,"comment_status":"closed","ping_status":"closed","template":"","meta":{"footnotes":""},"class_list":["post-361","page","type-page","status-publish","hentry"],"yoast_head":"<!-- This site is optimized with the Yoast SEO plugin v27.5 - https:\/\/yoast.com\/product\/yoast-seo-wordpress\/ -->\n<title>Herbstliche Motive - Kunst Galerie Dirk Nudel D\u00fcsseldorf<\/title>\n<meta name=\"description\" content=\"Das Gem\u00e4lde \u201cHerbstliche Motive\u201d von Viktor Kovalyk zeigt das Bild eines Sonnenuntergangs, voller Lyrik und harmonisch pr\u00e4sentiert.\" \/>\n<meta name=\"robots\" content=\"index, follow, max-snippet:-1, max-image-preview:large, max-video-preview:-1\" \/>\n<link rel=\"canonical\" href=\"https:\/\/galerie-nudel.de\/index.php\/viktor-kovalyk\/sofort-erhaeltliche-werke\/herbstliche-motive\/\" \/>\n<meta property=\"og:locale\" content=\"de_DE\" \/>\n<meta property=\"og:type\" content=\"article\" \/>\n<meta property=\"og:title\" content=\"Herbstliche Motive - Kunst Galerie Dirk Nudel D\u00fcsseldorf\" \/>\n<meta property=\"og:description\" content=\"Das Gem\u00e4lde \u201cHerbstliche Motive\u201d von Viktor Kovalyk zeigt das Bild eines Sonnenuntergangs, voller Lyrik und harmonisch pr\u00e4sentiert.\" \/>\n<meta property=\"og:url\" content=\"https:\/\/galerie-nudel.de\/index.php\/viktor-kovalyk\/sofort-erhaeltliche-werke\/herbstliche-motive\/\" \/>\n<meta property=\"og:site_name\" content=\"Galerie Dirk Nudel\" \/>\n<meta property=\"article:modified_time\" content=\"2023-03-01T10:44:16+00:00\" \/>\n<meta property=\"og:image\" content=\"https:\/\/galerie-nudel.de\/wp-content\/uploads\/2021\/04\/Herbstliche-Motive-large.jpg\" \/>\n<meta name=\"twitter:card\" content=\"summary_large_image\" \/>\n<meta name=\"twitter:label1\" content=\"Gesch\u00e4tzte Lesezeit\" \/>\n\t<meta name=\"twitter:data1\" content=\"2\u00a0Minuten\" \/>\n<script type=\"application\/ld+json\" class=\"yoast-schema-graph\">{\"@context\":\"https:\\\/\\\/schema.org\",\"@graph\":[{\"@type\":\"WebPage\",\"@id\":\"https:\\\/\\\/galerie-nudel.de\\\/index.php\\\/viktor-kovalyk\\\/sofort-erhaeltliche-werke\\\/herbstliche-motive\\\/\",\"url\":\"https:\\\/\\\/galerie-nudel.de\\\/index.php\\\/viktor-kovalyk\\\/sofort-erhaeltliche-werke\\\/herbstliche-motive\\\/\",\"name\":\"Herbstliche Motive - Kunst Galerie Dirk Nudel D\u00fcsseldorf\",\"isPartOf\":{\"@id\":\"https:\\\/\\\/galerie-nudel.de\\\/#website\"},\"primaryImageOfPage\":{\"@id\":\"https:\\\/\\\/galerie-nudel.de\\\/index.php\\\/viktor-kovalyk\\\/sofort-erhaeltliche-werke\\\/herbstliche-motive\\\/#primaryimage\"},\"image\":{\"@id\":\"https:\\\/\\\/galerie-nudel.de\\\/index.php\\\/viktor-kovalyk\\\/sofort-erhaeltliche-werke\\\/herbstliche-motive\\\/#primaryimage\"},\"thumbnailUrl\":\"https:\\\/\\\/galerie-nudel.de\\\/wp-content\\\/uploads\\\/2021\\\/04\\\/Herbstliche-Motive-large.jpg\",\"datePublished\":\"2021-03-18T13:40:39+00:00\",\"dateModified\":\"2023-03-01T10:44:16+00:00\",\"description\":\"Das Gem\u00e4lde \u201cHerbstliche Motive\u201d von Viktor Kovalyk zeigt das Bild eines Sonnenuntergangs, voller Lyrik und harmonisch pr\u00e4sentiert.\",\"breadcrumb\":{\"@id\":\"https:\\\/\\\/galerie-nudel.de\\\/index.php\\\/viktor-kovalyk\\\/sofort-erhaeltliche-werke\\\/herbstliche-motive\\\/#breadcrumb\"},\"inLanguage\":\"de\",\"potentialAction\":[{\"@type\":\"ReadAction\",\"target\":[\"https:\\\/\\\/galerie-nudel.de\\\/index.php\\\/viktor-kovalyk\\\/sofort-erhaeltliche-werke\\\/herbstliche-motive\\\/\"]}]},{\"@type\":\"ImageObject\",\"inLanguage\":\"de\",\"@id\":\"https:\\\/\\\/galerie-nudel.de\\\/index.php\\\/viktor-kovalyk\\\/sofort-erhaeltliche-werke\\\/herbstliche-motive\\\/#primaryimage\",\"url\":\"https:\\\/\\\/galerie-nudel.de\\\/wp-content\\\/uploads\\\/2021\\\/04\\\/Herbstliche-Motive-large.jpg\",\"contentUrl\":\"https:\\\/\\\/galerie-nudel.de\\\/wp-content\\\/uploads\\\/2021\\\/04\\\/Herbstliche-Motive-large.jpg\",\"width\":4000,\"height\":2283,\"caption\":\"Herbstliche Motive, Leinen, Aquarell, \u00d6l, Pigment, Lack, 126x80 cm\"},{\"@type\":\"BreadcrumbList\",\"@id\":\"https:\\\/\\\/galerie-nudel.de\\\/index.php\\\/viktor-kovalyk\\\/sofort-erhaeltliche-werke\\\/herbstliche-motive\\\/#breadcrumb\",\"itemListElement\":[{\"@type\":\"ListItem\",\"position\":1,\"name\":\"Startseite\",\"item\":\"https:\\\/\\\/galerie-nudel.de\\\/\"},{\"@type\":\"ListItem\",\"position\":2,\"name\":\"Viktor Kovalyk\",\"item\":\"https:\\\/\\\/galerie-nudel.de\\\/index.php\\\/viktor-kovalyk\\\/\"},{\"@type\":\"ListItem\",\"position\":3,\"name\":\"Sofort erh\u00e4ltliche Werke\",\"item\":\"https:\\\/\\\/galerie-nudel.de\\\/index.php\\\/viktor-kovalyk\\\/sofort-erhaeltliche-werke\\\/\"},{\"@type\":\"ListItem\",\"position\":4,\"name\":\"Herbstliche Motive\"}]},{\"@type\":\"WebSite\",\"@id\":\"https:\\\/\\\/galerie-nudel.de\\\/#website\",\"url\":\"https:\\\/\\\/galerie-nudel.de\\\/\",\"name\":\"Galerie Dirk Nudel\",\"description\":\"\",\"potentialAction\":[{\"@type\":\"SearchAction\",\"target\":{\"@type\":\"EntryPoint\",\"urlTemplate\":\"https:\\\/\\\/galerie-nudel.de\\\/?s={search_term_string}\"},\"query-input\":{\"@type\":\"PropertyValueSpecification\",\"valueRequired\":true,\"valueName\":\"search_term_string\"}}],\"inLanguage\":\"de\"}]}<\/script>\n<!-- \/ Yoast SEO plugin. -->","yoast_head_json":{"title":"Herbstliche Motive - Kunst Galerie Dirk Nudel D\u00fcsseldorf","description":"Das Gem\u00e4lde \u201cHerbstliche Motive\u201d von Viktor Kovalyk zeigt das Bild eines Sonnenuntergangs, voller Lyrik und harmonisch pr\u00e4sentiert.","robots":{"index":"index","follow":"follow","max-snippet":"max-snippet:-1","max-image-preview":"max-image-preview:large","max-video-preview":"max-video-preview:-1"},"canonical":"https:\/\/galerie-nudel.de\/index.php\/viktor-kovalyk\/sofort-erhaeltliche-werke\/herbstliche-motive\/","og_locale":"de_DE","og_type":"article","og_title":"Herbstliche Motive - Kunst Galerie Dirk Nudel D\u00fcsseldorf","og_description":"Das Gem\u00e4lde \u201cHerbstliche Motive\u201d von Viktor Kovalyk zeigt das Bild eines Sonnenuntergangs, voller Lyrik und harmonisch pr\u00e4sentiert.","og_url":"https:\/\/galerie-nudel.de\/index.php\/viktor-kovalyk\/sofort-erhaeltliche-werke\/herbstliche-motive\/","og_site_name":"Galerie Dirk Nudel","article_modified_time":"2023-03-01T10:44:16+00:00","og_image":[{"url":"https:\/\/galerie-nudel.de\/wp-content\/uploads\/2021\/04\/Herbstliche-Motive-large.jpg","type":"","width":"","height":""}],"twitter_card":"summary_large_image","twitter_misc":{"Gesch\u00e4tzte Lesezeit":"2\u00a0Minuten"},"schema":{"@context":"https:\/\/schema.org","@graph":[{"@type":"WebPage","@id":"https:\/\/galerie-nudel.de\/index.php\/viktor-kovalyk\/sofort-erhaeltliche-werke\/herbstliche-motive\/","url":"https:\/\/galerie-nudel.de\/index.php\/viktor-kovalyk\/sofort-erhaeltliche-werke\/herbstliche-motive\/","name":"Herbstliche Motive - Kunst Galerie Dirk Nudel D\u00fcsseldorf","isPartOf":{"@id":"https:\/\/galerie-nudel.de\/#website"},"primaryImageOfPage":{"@id":"https:\/\/galerie-nudel.de\/index.php\/viktor-kovalyk\/sofort-erhaeltliche-werke\/herbstliche-motive\/#primaryimage"},"image":{"@id":"https:\/\/galerie-nudel.de\/index.php\/viktor-kovalyk\/sofort-erhaeltliche-werke\/herbstliche-motive\/#primaryimage"},"thumbnailUrl":"https:\/\/galerie-nudel.de\/wp-content\/uploads\/2021\/04\/Herbstliche-Motive-large.jpg","datePublished":"2021-03-18T13:40:39+00:00","dateModified":"2023-03-01T10:44:16+00:00","description":"Das Gem\u00e4lde \u201cHerbstliche Motive\u201d von Viktor Kovalyk zeigt das Bild eines Sonnenuntergangs, voller Lyrik und harmonisch pr\u00e4sentiert.","breadcrumb":{"@id":"https:\/\/galerie-nudel.de\/index.php\/viktor-kovalyk\/sofort-erhaeltliche-werke\/herbstliche-motive\/#breadcrumb"},"inLanguage":"de","potentialAction":[{"@type":"ReadAction","target":["https:\/\/galerie-nudel.de\/index.php\/viktor-kovalyk\/sofort-erhaeltliche-werke\/herbstliche-motive\/"]}]},{"@type":"ImageObject","inLanguage":"de","@id":"https:\/\/galerie-nudel.de\/index.php\/viktor-kovalyk\/sofort-erhaeltliche-werke\/herbstliche-motive\/#primaryimage","url":"https:\/\/galerie-nudel.de\/wp-content\/uploads\/2021\/04\/Herbstliche-Motive-large.jpg","contentUrl":"https:\/\/galerie-nudel.de\/wp-content\/uploads\/2021\/04\/Herbstliche-Motive-large.jpg","width":4000,"height":2283,"caption":"Herbstliche Motive, Leinen, Aquarell, \u00d6l, Pigment, Lack, 126x80 cm"},{"@type":"BreadcrumbList","@id":"https:\/\/galerie-nudel.de\/index.php\/viktor-kovalyk\/sofort-erhaeltliche-werke\/herbstliche-motive\/#breadcrumb","itemListElement":[{"@type":"ListItem","position":1,"name":"Startseite","item":"https:\/\/galerie-nudel.de\/"},{"@type":"ListItem","position":2,"name":"Viktor Kovalyk","item":"https:\/\/galerie-nudel.de\/index.php\/viktor-kovalyk\/"},{"@type":"ListItem","position":3,"name":"Sofort erh\u00e4ltliche Werke","item":"https:\/\/galerie-nudel.de\/index.php\/viktor-kovalyk\/sofort-erhaeltliche-werke\/"},{"@type":"ListItem","position":4,"name":"Herbstliche Motive"}]},{"@type":"WebSite","@id":"https:\/\/galerie-nudel.de\/#website","url":"https:\/\/galerie-nudel.de\/","name":"Galerie Dirk Nudel","description":"","potentialAction":[{"@type":"SearchAction","target":{"@type":"EntryPoint","urlTemplate":"https:\/\/galerie-nudel.de\/?s={search_term_string}"},"query-input":{"@type":"PropertyValueSpecification","valueRequired":true,"valueName":"search_term_string"}}],"inLanguage":"de"}]}},"_links":{"self":[{"href":"https:\/\/galerie-nudel.de\/index.php\/wp-json\/wp\/v2\/pages\/361","targetHints":{"allow":["GET"]}}],"collection":[{"href":"https:\/\/galerie-nudel.de\/index.php\/wp-json\/wp\/v2\/pages"}],"about":[{"href":"https:\/\/galerie-nudel.de\/index.php\/wp-json\/wp\/v2\/types\/page"}],"author":[{"embeddable":true,"href":"https:\/\/galerie-nudel.de\/index.php\/wp-json\/wp\/v2\/users\/1"}],"replies":[{"embeddable":true,"href":"https:\/\/galerie-nudel.de\/index.php\/wp-json\/wp\/v2\/comments?post=361"}],"version-history":[{"count":47,"href":"https:\/\/galerie-nudel.de\/index.php\/wp-json\/wp\/v2\/pages\/361\/revisions"}],"predecessor-version":[{"id":1653,"href":"https:\/\/galerie-nudel.de\/index.php\/wp-json\/wp\/v2\/pages\/361\/revisions\/1653"}],"up":[{"embeddable":true,"href":"https:\/\/galerie-nudel.de\/index.php\/wp-json\/wp\/v2\/pages\/216"}],"wp:attachment":[{"href":"https:\/\/galerie-nudel.de\/index.php\/wp-json\/wp\/v2\/media?parent=361"}],"curies":[{"name":"wp","href":"https:\/\/api.w.org\/{rel}","templated":true}]}}