{"id":286,"date":"2021-03-17T12:37:19","date_gmt":"2021-03-17T12:37:19","guid":{"rendered":"https:\/\/galerie-nudel.de\/?page_id=286"},"modified":"2023-03-01T10:46:55","modified_gmt":"2023-03-01T10:46:55","slug":"spinnennetz","status":"publish","type":"page","link":"https:\/\/galerie-nudel.de\/index.php\/viktor-kovalyk\/sofort-erhaeltliche-werke\/spinnennetz\/","title":{"rendered":"Spinnennetz"},"content":{"rendered":"\t\t<div data-elementor-type=\"wp-page\" data-elementor-id=\"286\" class=\"elementor elementor-286\">\n\t\t\t\t\t\t<section class=\"elementor-section elementor-top-section elementor-element elementor-element-493b7bd elementor-section-boxed elementor-section-height-default elementor-section-height-default\" data-id=\"493b7bd\" data-element_type=\"section\" data-e-type=\"section\">\n\t\t\t\t\t\t<div class=\"elementor-container elementor-column-gap-default\">\n\t\t\t\t\t<div class=\"elementor-column elementor-col-100 elementor-top-column elementor-element elementor-element-c93b7cf\" data-id=\"c93b7cf\" data-element_type=\"column\" data-e-type=\"column\">\n\t\t\t<div class=\"elementor-widget-wrap\">\n\t\t\t\t\t\t\t<\/div>\n\t\t<\/div>\n\t\t\t\t\t<\/div>\n\t\t<\/section>\n\t\t\t\t<section class=\"elementor-section elementor-top-section elementor-element elementor-element-cc1595b elementor-section-boxed elementor-section-height-default elementor-section-height-default\" data-id=\"cc1595b\" data-element_type=\"section\" data-e-type=\"section\">\n\t\t\t\t\t\t<div class=\"elementor-container elementor-column-gap-default\">\n\t\t\t\t\t<div class=\"elementor-column elementor-col-50 elementor-top-column elementor-element elementor-element-e780a36\" data-id=\"e780a36\" data-element_type=\"column\" data-e-type=\"column\">\n\t\t\t<div class=\"elementor-widget-wrap elementor-element-populated\">\n\t\t\t\t\t\t<div class=\"elementor-element elementor-element-24ef4c1 elementor-widget elementor-widget-heading\" data-id=\"24ef4c1\" data-element_type=\"widget\" data-e-type=\"widget\" data-widget_type=\"heading.default\">\n\t\t\t\t<div class=\"elementor-widget-container\">\n\t\t\t\t\t<h3 class=\"elementor-heading-title elementor-size-default\"><a href=\"https:\/\/galerie-nudel.de\/index.php\/viktor-kovalyk\/sofort-erhaeltliche-werke\/\">&lt; Viktor Kovalyk - sofort erh\u00e4ltlich<\/a><\/h3>\t\t\t\t<\/div>\n\t\t\t\t<\/div>\n\t\t\t\t<div class=\"elementor-element elementor-element-5d0f180 elementor-widget elementor-widget-heading\" data-id=\"5d0f180\" data-element_type=\"widget\" data-e-type=\"widget\" data-widget_type=\"heading.default\">\n\t\t\t\t<div class=\"elementor-widget-container\">\n\t\t\t\t\t<h2 class=\"elementor-heading-title elementor-size-default\">Spinnennetz<\/h2>\t\t\t\t<\/div>\n\t\t\t\t<\/div>\n\t\t\t\t<div class=\"elementor-element elementor-element-89a27a6 elementor-widget-divider--view-line elementor-widget elementor-widget-divider\" data-id=\"89a27a6\" data-element_type=\"widget\" data-e-type=\"widget\" data-widget_type=\"divider.default\">\n\t\t\t\t<div class=\"elementor-widget-container\">\n\t\t\t\t\t\t\t<div class=\"elementor-divider\">\n\t\t\t<span class=\"elementor-divider-separator\">\n\t\t\t\t\t\t<\/span>\n\t\t<\/div>\n\t\t\t\t\t\t<\/div>\n\t\t\t\t<\/div>\n\t\t\t\t\t<\/div>\n\t\t<\/div>\n\t\t\t\t<div class=\"elementor-column elementor-col-50 elementor-top-column elementor-element elementor-element-41c8199\" data-id=\"41c8199\" data-element_type=\"column\" data-e-type=\"column\">\n\t\t\t<div class=\"elementor-widget-wrap elementor-element-populated\">\n\t\t\t\t\t\t<div class=\"elementor-element elementor-element-34274fd elementor-widget elementor-widget-heading\" data-id=\"34274fd\" data-element_type=\"widget\" data-e-type=\"widget\" data-widget_type=\"heading.default\">\n\t\t\t\t<div class=\"elementor-widget-container\">\n\t\t\t\t\t<h3 class=\"elementor-heading-title elementor-size-default\"><a href=\"https:\/\/galerie-nudel.de\/index.php\/viktor-kovalyk\/sofort-erhaeltliche-werke\/herbstliche-motive\/\">N\u00e4chstes Bild ansehen &gt;<\/a><\/h3>\t\t\t\t<\/div>\n\t\t\t\t<\/div>\n\t\t\t\t\t<\/div>\n\t\t<\/div>\n\t\t\t\t\t<\/div>\n\t\t<\/section>\n\t\t\t\t<section class=\"elementor-section elementor-top-section elementor-element elementor-element-f6d2083 elementor-section-boxed elementor-section-height-default elementor-section-height-default\" data-id=\"f6d2083\" data-element_type=\"section\" data-e-type=\"section\">\n\t\t\t\t\t\t<div class=\"elementor-container elementor-column-gap-default\">\n\t\t\t\t\t<div class=\"elementor-column elementor-col-50 elementor-top-column elementor-element elementor-element-dc9f7cf\" data-id=\"dc9f7cf\" data-element_type=\"column\" data-e-type=\"column\">\n\t\t\t<div class=\"elementor-widget-wrap elementor-element-populated\">\n\t\t\t\t\t\t<div class=\"elementor-element elementor-element-9d51157 zoooom pointer elementor-widget elementor-widget-image\" data-id=\"9d51157\" data-element_type=\"widget\" data-e-type=\"widget\" data-widget_type=\"image.default\">\n\t\t\t\t<div class=\"elementor-widget-container\">\n\t\t\t\t\t\t\t\t\t\t\t\t\t\t\t\t<a href=\"https:\/\/galerie-nudel.de\/wp-content\/uploads\/2021\/04\/spinnennetz-large.jpg\" data-elementor-open-lightbox=\"no\">\n\t\t\t\t\t\t\t<img fetchpriority=\"high\" decoding=\"async\" width=\"4000\" height=\"2283\" src=\"https:\/\/galerie-nudel.de\/wp-content\/uploads\/2021\/04\/spinnennetz-large.jpg\" class=\"attachment-full size-full wp-image-984\" alt=\"Spinnennetz, Leinen, Aquarell, \u00d6l, Pigment, Lack, 139x79cm\" srcset=\"https:\/\/galerie-nudel.de\/wp-content\/uploads\/2021\/04\/spinnennetz-large.jpg 4000w, https:\/\/galerie-nudel.de\/wp-content\/uploads\/2021\/04\/spinnennetz-large-300x171.jpg 300w, https:\/\/galerie-nudel.de\/wp-content\/uploads\/2021\/04\/spinnennetz-large-1024x584.jpg 1024w, https:\/\/galerie-nudel.de\/wp-content\/uploads\/2021\/04\/spinnennetz-large-1536x877.jpg 1536w, https:\/\/galerie-nudel.de\/wp-content\/uploads\/2021\/04\/spinnennetz-large-2048x1169.jpg 2048w\" sizes=\"(max-width: 4000px) 100vw, 4000px\" \/>\t\t\t\t\t\t\t\t<\/a>\n\t\t\t\t\t\t\t\t\t\t\t\t\t\t\t<\/div>\n\t\t\t\t<\/div>\n\t\t\t\t<div class=\"elementor-element elementor-element-ca8a4f4 elementor-widget elementor-widget-spacer\" data-id=\"ca8a4f4\" data-element_type=\"widget\" data-e-type=\"widget\" data-widget_type=\"spacer.default\">\n\t\t\t\t<div class=\"elementor-widget-container\">\n\t\t\t\t\t\t\t<div class=\"elementor-spacer\">\n\t\t\t<div class=\"elementor-spacer-inner\"><\/div>\n\t\t<\/div>\n\t\t\t\t\t\t<\/div>\n\t\t\t\t<\/div>\n\t\t\t\t\t<\/div>\n\t\t<\/div>\n\t\t\t\t<div class=\"elementor-column elementor-col-50 elementor-top-column elementor-element elementor-element-ec757f8\" data-id=\"ec757f8\" data-element_type=\"column\" data-e-type=\"column\">\n\t\t\t<div class=\"elementor-widget-wrap elementor-element-populated\">\n\t\t\t\t\t\t<div class=\"elementor-element elementor-element-25e238a elementor-widget__width-initial elementor-widget-mobile__width-inherit elementor-widget elementor-widget-text-editor\" data-id=\"25e238a\" data-element_type=\"widget\" data-e-type=\"widget\" data-widget_type=\"text-editor.default\">\n\t\t\t\t<div class=\"elementor-widget-container\">\n\t\t\t\t\t\t\t\t\t<p>Viktor Kovalyk<br \/>&#8222;Spinnennetz&#8220;<\/p><p>Material: Leinen, Aquarell, \u00d6l, Pigment, Lack<\/p><p>Ma\u00dfe: 139x79cm<\/p>\t\t\t\t\t\t\t\t<\/div>\n\t\t\t\t<\/div>\n\t\t\t\t\t<\/div>\n\t\t<\/div>\n\t\t\t\t\t<\/div>\n\t\t<\/section>\n\t\t\t\t<section class=\"elementor-section elementor-top-section elementor-element elementor-element-461650a elementor-section-boxed elementor-section-height-default elementor-section-height-default\" data-id=\"461650a\" data-element_type=\"section\" data-e-type=\"section\">\n\t\t\t\t\t\t\t<div class=\"elementor-background-overlay\"><\/div>\n\t\t\t\t\t\t\t<div class=\"elementor-container elementor-column-gap-default\">\n\t\t\t\t\t<div class=\"elementor-column elementor-col-100 elementor-top-column elementor-element elementor-element-8e7515c\" data-id=\"8e7515c\" data-element_type=\"column\" data-e-type=\"column\">\n\t\t\t<div class=\"elementor-widget-wrap elementor-element-populated\">\n\t\t\t\t\t\t<div class=\"elementor-element elementor-element-a615979 elementor-widget elementor-widget-heading\" data-id=\"a615979\" data-element_type=\"widget\" data-e-type=\"widget\" data-widget_type=\"heading.default\">\n\t\t\t\t<div class=\"elementor-widget-container\">\n\t\t\t\t\t<h2 class=\"elementor-heading-title elementor-size-default\">Das Geheimnis der Gr\u00e4ser von Viktor Kovalyk<\/h2>\t\t\t\t<\/div>\n\t\t\t\t<\/div>\n\t\t\t\t<div class=\"elementor-element elementor-element-1705d56 elementor-widget-divider--view-line elementor-widget elementor-widget-divider\" data-id=\"1705d56\" data-element_type=\"widget\" data-e-type=\"widget\" data-widget_type=\"divider.default\">\n\t\t\t\t<div class=\"elementor-widget-container\">\n\t\t\t\t\t\t\t<div class=\"elementor-divider\">\n\t\t\t<span class=\"elementor-divider-separator\">\n\t\t\t\t\t\t<\/span>\n\t\t<\/div>\n\t\t\t\t\t\t<\/div>\n\t\t\t\t<\/div>\n\t\t\t\t<div class=\"elementor-element elementor-element-cdb11cc elementor-widget__width-initial elementor-widget-mobile__width-inherit elementor-widget elementor-widget-text-editor\" data-id=\"cdb11cc\" data-element_type=\"widget\" data-e-type=\"widget\" data-widget_type=\"text-editor.default\">\n\t\t\t\t<div class=\"elementor-widget-container\">\n\t\t\t\t\t\t\t\t\t<p>Viktor Kovalyk ist es in seiner Arbeit &#8222;Spinnennetz&#8220; meisterhaft gelungen, eine ganzheitlich durchkomponierte Lebenswelt zu erschaffen. In ihrer Komplexit\u00e4t doch differenziert stellen die Pflanzen ein Motiv dar, das M\u00e4rchenhaftes visuell erlebbar macht.<br \/>Das Gem\u00e4lde zeigt einen in sich geschlossenen Kosmos, in dem kein Detail verloren geht, sondern im Gegenteil durch die ganzheitliche Komposition des Werkes bewahrt wird. Im sorgf\u00e4ltig definierten, k\u00fcnstlerischen Raum wird das Einzelne zur Allgemeinheit, erzeugt durch eine meisterhafte Synthese von Komposition und k\u00fcnstlerischer Ausgestaltung. Der enorme Reichtum zeigt sich in einer F\u00fclle an Formen, Knicken und Schattierungen, die sich wiederum in einer Vielzahl von pflanzlichen Erscheinungsformen manifestieren.<br \/>Archetypisch sind die Gr\u00e4ser mit einem Schleier aus Spinnweben in grau-violetten Schattierungen von Dunst kombiniert. Die sakrale Farbkombination \u2013 lila, pink, rauchig, gr\u00fcn \u2013 demonstriert \u00e4sthetisch und k\u00fcnstlerisch den Triumph der Natur, zeigt das Geheimnis der Pflanzen. Das dargestellte anschauliche &#8222;K\u00f6nigreich&#8220; der existierenden Welt zeigt, wie komplex und letztlich ungel\u00f6st die den Menschen umgebenden Manifestationen des Lebens sind, und fesselt den Betrachter daher mit seiner Tiefe.<br \/><br \/><br \/>Diese Arbeit von Viktor Kovalyk erinnert an die durchscheinenden Tempera-Striche der alten Meister der Ikonenmalerei. Die Textur der Leinwand ist nicht unter Farbe verborgen, sondern unterstreicht die einzigartige Kunst des Malers.<br \/><br \/><br \/>Es gibt keine einheitliche Lichtquelle, die verschiedenen Elemente werden nicht gleicherm\u00e4\u00dfig beleuchtet, aber sie werden beleuchtet, und es ist diese k\u00fcnstlerische Technik, die das Geheimnis und den Charme der nat\u00fcrlichen Welt betont.<br \/>Das Motiv, die k\u00fcnstlerische Ausarbeitung, die Wahl der Farben und der durchg\u00e4ngige Rhythmus sind ein Merkmal der herausragenden und genialen Kunstwerke von Viktor Kovalyk.<br \/><br \/><br \/>Dirk Nudel<\/p>\t\t\t\t\t\t\t\t<\/div>\n\t\t\t\t<\/div>\n\t\t\t\t\t<\/div>\n\t\t<\/div>\n\t\t\t\t\t<\/div>\n\t\t<\/section>\n\t\t\t\t<section class=\"elementor-section elementor-top-section elementor-element elementor-element-baf697b elementor-section-boxed elementor-section-height-default elementor-section-height-default\" data-id=\"baf697b\" data-element_type=\"section\" data-e-type=\"section\">\n\t\t\t\t\t\t<div class=\"elementor-container elementor-column-gap-default\">\n\t\t\t\t\t<div class=\"elementor-column elementor-col-100 elementor-top-column elementor-element elementor-element-9eaa9c2\" data-id=\"9eaa9c2\" data-element_type=\"column\" data-e-type=\"column\">\n\t\t\t<div class=\"elementor-widget-wrap\">\n\t\t\t\t\t\t\t<\/div>\n\t\t<\/div>\n\t\t\t\t\t<\/div>\n\t\t<\/section>\n\t\t\t\t<\/div>\n\t\t","protected":false},"excerpt":{"rendered":"<p>&lt; Viktor Kovalyk &#8211; sofort erh\u00e4ltlich Spinnennetz N\u00e4chstes Bild ansehen &gt; Viktor Kovalyk &#8222;Spinnennetz&#8220; Material: Leinen, Aquarell, \u00d6l, Pigment, Lack Ma\u00dfe: 139x79cm Das Geheimnis der Gr\u00e4ser von Viktor Kovalyk Viktor Kovalyk ist es in seiner Arbeit &#8222;Spinnennetz&#8220; meisterhaft gelungen, eine ganzheitlich durchkomponierte Lebenswelt zu erschaffen. In ihrer Komplexit\u00e4t doch differenziert stellen die Pflanzen ein Motiv <a href=\"https:\/\/galerie-nudel.de\/index.php\/viktor-kovalyk\/sofort-erhaeltliche-werke\/spinnennetz\/\" class=\"more-link\">\u2026\u00a0<span class=\"screen-reader-text\">  Spinnennetz<\/span><\/a><\/p>\n","protected":false},"author":1,"featured_media":0,"parent":216,"menu_order":32,"comment_status":"closed","ping_status":"closed","template":"","meta":{"footnotes":""},"class_list":["post-286","page","type-page","status-publish","hentry"],"yoast_head":"<!-- This site is optimized with the Yoast SEO plugin v27.3 - https:\/\/yoast.com\/product\/yoast-seo-wordpress\/ -->\n<title>Spinnennetz - Kunst Galerie Dirk Nudel D\u00fcsseldorf<\/title>\n<meta name=\"description\" content=\"Viktor Kovalyk ist es in seiner Arbeit \u201cSpinnennetz\u201d meisterhaft gelungen, eine ganzheitlich durchkomponierte Lebenswelt zu erschaffen.\" \/>\n<meta name=\"robots\" content=\"index, follow, max-snippet:-1, max-image-preview:large, max-video-preview:-1\" \/>\n<link rel=\"canonical\" href=\"https:\/\/galerie-nudel.de\/index.php\/viktor-kovalyk\/sofort-erhaeltliche-werke\/spinnennetz\/\" \/>\n<meta property=\"og:locale\" content=\"de_DE\" \/>\n<meta property=\"og:type\" content=\"article\" \/>\n<meta property=\"og:title\" content=\"Spinnennetz - Kunst Galerie Dirk Nudel D\u00fcsseldorf\" \/>\n<meta property=\"og:description\" content=\"Viktor Kovalyk ist es in seiner Arbeit \u201cSpinnennetz\u201d meisterhaft gelungen, eine ganzheitlich durchkomponierte Lebenswelt zu erschaffen.\" \/>\n<meta property=\"og:url\" content=\"https:\/\/galerie-nudel.de\/index.php\/viktor-kovalyk\/sofort-erhaeltliche-werke\/spinnennetz\/\" \/>\n<meta property=\"og:site_name\" content=\"Galerie Dirk Nudel\" \/>\n<meta property=\"article:modified_time\" content=\"2023-03-01T10:46:55+00:00\" \/>\n<meta property=\"og:image\" content=\"https:\/\/galerie-nudel.de\/wp-content\/uploads\/2021\/04\/spinnennetz-large.jpg\" \/>\n<meta name=\"twitter:card\" content=\"summary_large_image\" \/>\n<meta name=\"twitter:label1\" content=\"Gesch\u00e4tzte Lesezeit\" \/>\n\t<meta name=\"twitter:data1\" content=\"2\u00a0Minuten\" \/>\n<script type=\"application\/ld+json\" class=\"yoast-schema-graph\">{\"@context\":\"https:\\\/\\\/schema.org\",\"@graph\":[{\"@type\":\"WebPage\",\"@id\":\"https:\\\/\\\/galerie-nudel.de\\\/index.php\\\/viktor-kovalyk\\\/sofort-erhaeltliche-werke\\\/spinnennetz\\\/\",\"url\":\"https:\\\/\\\/galerie-nudel.de\\\/index.php\\\/viktor-kovalyk\\\/sofort-erhaeltliche-werke\\\/spinnennetz\\\/\",\"name\":\"Spinnennetz - Kunst Galerie Dirk Nudel D\u00fcsseldorf\",\"isPartOf\":{\"@id\":\"https:\\\/\\\/galerie-nudel.de\\\/#website\"},\"primaryImageOfPage\":{\"@id\":\"https:\\\/\\\/galerie-nudel.de\\\/index.php\\\/viktor-kovalyk\\\/sofort-erhaeltliche-werke\\\/spinnennetz\\\/#primaryimage\"},\"image\":{\"@id\":\"https:\\\/\\\/galerie-nudel.de\\\/index.php\\\/viktor-kovalyk\\\/sofort-erhaeltliche-werke\\\/spinnennetz\\\/#primaryimage\"},\"thumbnailUrl\":\"https:\\\/\\\/galerie-nudel.de\\\/wp-content\\\/uploads\\\/2021\\\/04\\\/spinnennetz-large.jpg\",\"datePublished\":\"2021-03-17T12:37:19+00:00\",\"dateModified\":\"2023-03-01T10:46:55+00:00\",\"description\":\"Viktor Kovalyk ist es in seiner Arbeit \u201cSpinnennetz\u201d meisterhaft gelungen, eine ganzheitlich durchkomponierte Lebenswelt zu erschaffen.\",\"breadcrumb\":{\"@id\":\"https:\\\/\\\/galerie-nudel.de\\\/index.php\\\/viktor-kovalyk\\\/sofort-erhaeltliche-werke\\\/spinnennetz\\\/#breadcrumb\"},\"inLanguage\":\"de\",\"potentialAction\":[{\"@type\":\"ReadAction\",\"target\":[\"https:\\\/\\\/galerie-nudel.de\\\/index.php\\\/viktor-kovalyk\\\/sofort-erhaeltliche-werke\\\/spinnennetz\\\/\"]}]},{\"@type\":\"ImageObject\",\"inLanguage\":\"de\",\"@id\":\"https:\\\/\\\/galerie-nudel.de\\\/index.php\\\/viktor-kovalyk\\\/sofort-erhaeltliche-werke\\\/spinnennetz\\\/#primaryimage\",\"url\":\"https:\\\/\\\/galerie-nudel.de\\\/wp-content\\\/uploads\\\/2021\\\/04\\\/spinnennetz-large.jpg\",\"contentUrl\":\"https:\\\/\\\/galerie-nudel.de\\\/wp-content\\\/uploads\\\/2021\\\/04\\\/spinnennetz-large.jpg\",\"width\":4000,\"height\":2283,\"caption\":\"Spinnennetz, Leinen, Aquarell, \u00d6l, Pigment, Lack, 139x79cm\"},{\"@type\":\"BreadcrumbList\",\"@id\":\"https:\\\/\\\/galerie-nudel.de\\\/index.php\\\/viktor-kovalyk\\\/sofort-erhaeltliche-werke\\\/spinnennetz\\\/#breadcrumb\",\"itemListElement\":[{\"@type\":\"ListItem\",\"position\":1,\"name\":\"Startseite\",\"item\":\"https:\\\/\\\/galerie-nudel.de\\\/\"},{\"@type\":\"ListItem\",\"position\":2,\"name\":\"Viktor Kovalyk\",\"item\":\"https:\\\/\\\/galerie-nudel.de\\\/index.php\\\/viktor-kovalyk\\\/\"},{\"@type\":\"ListItem\",\"position\":3,\"name\":\"Sofort erh\u00e4ltliche Werke\",\"item\":\"https:\\\/\\\/galerie-nudel.de\\\/index.php\\\/viktor-kovalyk\\\/sofort-erhaeltliche-werke\\\/\"},{\"@type\":\"ListItem\",\"position\":4,\"name\":\"Spinnennetz\"}]},{\"@type\":\"WebSite\",\"@id\":\"https:\\\/\\\/galerie-nudel.de\\\/#website\",\"url\":\"https:\\\/\\\/galerie-nudel.de\\\/\",\"name\":\"Galerie Dirk Nudel\",\"description\":\"\",\"potentialAction\":[{\"@type\":\"SearchAction\",\"target\":{\"@type\":\"EntryPoint\",\"urlTemplate\":\"https:\\\/\\\/galerie-nudel.de\\\/?s={search_term_string}\"},\"query-input\":{\"@type\":\"PropertyValueSpecification\",\"valueRequired\":true,\"valueName\":\"search_term_string\"}}],\"inLanguage\":\"de\"}]}<\/script>\n<!-- \/ Yoast SEO plugin. -->","yoast_head_json":{"title":"Spinnennetz - Kunst Galerie Dirk Nudel D\u00fcsseldorf","description":"Viktor Kovalyk ist es in seiner Arbeit \u201cSpinnennetz\u201d meisterhaft gelungen, eine ganzheitlich durchkomponierte Lebenswelt zu erschaffen.","robots":{"index":"index","follow":"follow","max-snippet":"max-snippet:-1","max-image-preview":"max-image-preview:large","max-video-preview":"max-video-preview:-1"},"canonical":"https:\/\/galerie-nudel.de\/index.php\/viktor-kovalyk\/sofort-erhaeltliche-werke\/spinnennetz\/","og_locale":"de_DE","og_type":"article","og_title":"Spinnennetz - Kunst Galerie Dirk Nudel D\u00fcsseldorf","og_description":"Viktor Kovalyk ist es in seiner Arbeit \u201cSpinnennetz\u201d meisterhaft gelungen, eine ganzheitlich durchkomponierte Lebenswelt zu erschaffen.","og_url":"https:\/\/galerie-nudel.de\/index.php\/viktor-kovalyk\/sofort-erhaeltliche-werke\/spinnennetz\/","og_site_name":"Galerie Dirk Nudel","article_modified_time":"2023-03-01T10:46:55+00:00","og_image":[{"url":"https:\/\/galerie-nudel.de\/wp-content\/uploads\/2021\/04\/spinnennetz-large.jpg","type":"","width":"","height":""}],"twitter_card":"summary_large_image","twitter_misc":{"Gesch\u00e4tzte Lesezeit":"2\u00a0Minuten"},"schema":{"@context":"https:\/\/schema.org","@graph":[{"@type":"WebPage","@id":"https:\/\/galerie-nudel.de\/index.php\/viktor-kovalyk\/sofort-erhaeltliche-werke\/spinnennetz\/","url":"https:\/\/galerie-nudel.de\/index.php\/viktor-kovalyk\/sofort-erhaeltliche-werke\/spinnennetz\/","name":"Spinnennetz - Kunst Galerie Dirk Nudel D\u00fcsseldorf","isPartOf":{"@id":"https:\/\/galerie-nudel.de\/#website"},"primaryImageOfPage":{"@id":"https:\/\/galerie-nudel.de\/index.php\/viktor-kovalyk\/sofort-erhaeltliche-werke\/spinnennetz\/#primaryimage"},"image":{"@id":"https:\/\/galerie-nudel.de\/index.php\/viktor-kovalyk\/sofort-erhaeltliche-werke\/spinnennetz\/#primaryimage"},"thumbnailUrl":"https:\/\/galerie-nudel.de\/wp-content\/uploads\/2021\/04\/spinnennetz-large.jpg","datePublished":"2021-03-17T12:37:19+00:00","dateModified":"2023-03-01T10:46:55+00:00","description":"Viktor Kovalyk ist es in seiner Arbeit \u201cSpinnennetz\u201d meisterhaft gelungen, eine ganzheitlich durchkomponierte Lebenswelt zu erschaffen.","breadcrumb":{"@id":"https:\/\/galerie-nudel.de\/index.php\/viktor-kovalyk\/sofort-erhaeltliche-werke\/spinnennetz\/#breadcrumb"},"inLanguage":"de","potentialAction":[{"@type":"ReadAction","target":["https:\/\/galerie-nudel.de\/index.php\/viktor-kovalyk\/sofort-erhaeltliche-werke\/spinnennetz\/"]}]},{"@type":"ImageObject","inLanguage":"de","@id":"https:\/\/galerie-nudel.de\/index.php\/viktor-kovalyk\/sofort-erhaeltliche-werke\/spinnennetz\/#primaryimage","url":"https:\/\/galerie-nudel.de\/wp-content\/uploads\/2021\/04\/spinnennetz-large.jpg","contentUrl":"https:\/\/galerie-nudel.de\/wp-content\/uploads\/2021\/04\/spinnennetz-large.jpg","width":4000,"height":2283,"caption":"Spinnennetz, Leinen, Aquarell, \u00d6l, Pigment, Lack, 139x79cm"},{"@type":"BreadcrumbList","@id":"https:\/\/galerie-nudel.de\/index.php\/viktor-kovalyk\/sofort-erhaeltliche-werke\/spinnennetz\/#breadcrumb","itemListElement":[{"@type":"ListItem","position":1,"name":"Startseite","item":"https:\/\/galerie-nudel.de\/"},{"@type":"ListItem","position":2,"name":"Viktor Kovalyk","item":"https:\/\/galerie-nudel.de\/index.php\/viktor-kovalyk\/"},{"@type":"ListItem","position":3,"name":"Sofort erh\u00e4ltliche Werke","item":"https:\/\/galerie-nudel.de\/index.php\/viktor-kovalyk\/sofort-erhaeltliche-werke\/"},{"@type":"ListItem","position":4,"name":"Spinnennetz"}]},{"@type":"WebSite","@id":"https:\/\/galerie-nudel.de\/#website","url":"https:\/\/galerie-nudel.de\/","name":"Galerie Dirk Nudel","description":"","potentialAction":[{"@type":"SearchAction","target":{"@type":"EntryPoint","urlTemplate":"https:\/\/galerie-nudel.de\/?s={search_term_string}"},"query-input":{"@type":"PropertyValueSpecification","valueRequired":true,"valueName":"search_term_string"}}],"inLanguage":"de"}]}},"_links":{"self":[{"href":"https:\/\/galerie-nudel.de\/index.php\/wp-json\/wp\/v2\/pages\/286","targetHints":{"allow":["GET"]}}],"collection":[{"href":"https:\/\/galerie-nudel.de\/index.php\/wp-json\/wp\/v2\/pages"}],"about":[{"href":"https:\/\/galerie-nudel.de\/index.php\/wp-json\/wp\/v2\/types\/page"}],"author":[{"embeddable":true,"href":"https:\/\/galerie-nudel.de\/index.php\/wp-json\/wp\/v2\/users\/1"}],"replies":[{"embeddable":true,"href":"https:\/\/galerie-nudel.de\/index.php\/wp-json\/wp\/v2\/comments?post=286"}],"version-history":[{"count":58,"href":"https:\/\/galerie-nudel.de\/index.php\/wp-json\/wp\/v2\/pages\/286\/revisions"}],"predecessor-version":[{"id":1654,"href":"https:\/\/galerie-nudel.de\/index.php\/wp-json\/wp\/v2\/pages\/286\/revisions\/1654"}],"up":[{"embeddable":true,"href":"https:\/\/galerie-nudel.de\/index.php\/wp-json\/wp\/v2\/pages\/216"}],"wp:attachment":[{"href":"https:\/\/galerie-nudel.de\/index.php\/wp-json\/wp\/v2\/media?parent=286"}],"curies":[{"name":"wp","href":"https:\/\/api.w.org\/{rel}","templated":true}]}}