{"id":1740,"date":"2024-06-15T17:22:30","date_gmt":"2024-06-15T17:22:30","guid":{"rendered":"https:\/\/galerie-nudel.de\/?page_id=1740"},"modified":"2025-11-11T12:04:38","modified_gmt":"2025-11-11T12:04:38","slug":"startseite","status":"publish","type":"page","link":"https:\/\/galerie-nudel.de\/index.php\/startseite\/","title":{"rendered":"Startseite"},"content":{"rendered":"\t\t<div data-elementor-type=\"wp-page\" data-elementor-id=\"1740\" class=\"elementor elementor-1740\">\n\t\t\t\t\t\t<section class=\"elementor-section elementor-top-section elementor-element elementor-element-493b7bd elementor-section-boxed elementor-section-height-default elementor-section-height-default\" data-id=\"493b7bd\" data-element_type=\"section\" data-e-type=\"section\">\n\t\t\t\t\t\t<div class=\"elementor-container elementor-column-gap-default\">\n\t\t\t\t\t<div class=\"elementor-column elementor-col-100 elementor-top-column elementor-element elementor-element-c93b7cf\" data-id=\"c93b7cf\" data-element_type=\"column\" data-e-type=\"column\">\n\t\t\t<div class=\"elementor-widget-wrap\">\n\t\t\t\t\t\t\t<\/div>\n\t\t<\/div>\n\t\t\t\t\t<\/div>\n\t\t<\/section>\n\t\t\t\t<section class=\"elementor-section elementor-top-section elementor-element elementor-element-cc1595b elementor-section-boxed elementor-section-height-default elementor-section-height-default\" data-id=\"cc1595b\" data-element_type=\"section\" data-e-type=\"section\">\n\t\t\t\t\t\t<div class=\"elementor-container elementor-column-gap-default\">\n\t\t\t\t\t<div class=\"elementor-column elementor-col-100 elementor-top-column elementor-element elementor-element-e780a36\" data-id=\"e780a36\" data-element_type=\"column\" data-e-type=\"column\">\n\t\t\t<div class=\"elementor-widget-wrap elementor-element-populated\">\n\t\t\t\t\t\t<div class=\"elementor-element elementor-element-24ef4c1 elementor-widget elementor-widget-heading\" data-id=\"24ef4c1\" data-element_type=\"widget\" data-e-type=\"widget\" data-widget_type=\"heading.default\">\n\t\t\t\t<div class=\"elementor-widget-container\">\n\t\t\t\t\t<h3 class=\"elementor-heading-title elementor-size-default\">Startseite<\/h3>\t\t\t\t<\/div>\n\t\t\t\t<\/div>\n\t\t\t\t<div class=\"elementor-element elementor-element-ba8485b elementor-widget elementor-widget-heading\" data-id=\"ba8485b\" data-element_type=\"widget\" data-e-type=\"widget\" data-widget_type=\"heading.default\">\n\t\t\t\t<div class=\"elementor-widget-container\">\n\t\t\t\t\t<h2 class=\"elementor-heading-title elementor-size-default\">Warum Sie sich f\u00fcr uns entscheiden sollten<\/h2>\t\t\t\t<\/div>\n\t\t\t\t<\/div>\n\t\t\t\t<div class=\"elementor-element elementor-element-89a27a6 elementor-widget-divider--view-line elementor-widget elementor-widget-divider\" data-id=\"89a27a6\" data-element_type=\"widget\" data-e-type=\"widget\" data-widget_type=\"divider.default\">\n\t\t\t\t<div class=\"elementor-widget-container\">\n\t\t\t\t\t\t\t<div class=\"elementor-divider\">\n\t\t\t<span class=\"elementor-divider-separator\">\n\t\t\t\t\t\t<\/span>\n\t\t<\/div>\n\t\t\t\t\t\t<\/div>\n\t\t\t\t<\/div>\n\t\t\t\t\t<\/div>\n\t\t<\/div>\n\t\t\t\t\t<\/div>\n\t\t<\/section>\n\t\t\t\t<section class=\"elementor-section elementor-top-section elementor-element elementor-element-757a843 elementor-section-boxed elementor-section-height-default elementor-section-height-default\" data-id=\"757a843\" data-element_type=\"section\" data-e-type=\"section\">\n\t\t\t\t\t\t<div class=\"elementor-container elementor-column-gap-default\">\n\t\t\t\t\t<div class=\"elementor-column elementor-col-100 elementor-top-column elementor-element elementor-element-cffc50a\" data-id=\"cffc50a\" data-element_type=\"column\" data-e-type=\"column\">\n\t\t\t<div class=\"elementor-widget-wrap elementor-element-populated\">\n\t\t\t\t\t\t<div class=\"elementor-element elementor-element-bd3e245 elementor-widget elementor-widget-text-editor\" data-id=\"bd3e245\" data-element_type=\"widget\" data-e-type=\"widget\" data-widget_type=\"text-editor.default\">\n\t\t\t\t<div class=\"elementor-widget-container\">\n\t\t\t\t\t\t\t\t\t<p>Die Galerie Dirk Nudel: Erwecken Sie Ihr Leben mit Kunst. Wir bieten exklusive Kunstwerke von aufstrebenden und etablierten K\u00fcnstlern, kombiniert mit ma\u00dfgeschneiderter Beratung und einer warmen, einladenden Atmosph\u00e4re. Entdecken Sie bei uns Kunst, die inspiriert und ber\u00fchrt \u2013 individuell ausgew\u00e4hlt, um Ihre Sammlung zu bereichern und Ihrem Raum Charakter zu verleihen.<\/p>\t\t\t\t\t\t\t\t<\/div>\n\t\t\t\t<\/div>\n\t\t\t\t\t<\/div>\n\t\t<\/div>\n\t\t\t\t\t<\/div>\n\t\t<\/section>\n\t\t\t\t<section class=\"elementor-section elementor-top-section elementor-element elementor-element-3e849b5 elementor-section-boxed elementor-section-height-default elementor-section-height-default\" data-id=\"3e849b5\" data-element_type=\"section\" data-e-type=\"section\">\n\t\t\t\t\t\t<div class=\"elementor-container elementor-column-gap-default\">\n\t\t\t\t\t<div class=\"elementor-column elementor-col-100 elementor-top-column elementor-element elementor-element-03be081\" data-id=\"03be081\" data-element_type=\"column\" data-e-type=\"column\">\n\t\t\t<div class=\"elementor-widget-wrap elementor-element-populated\">\n\t\t\t\t\t\t<div class=\"elementor-element elementor-element-27fc560 elementor-widget__width-initial elementor-widget elementor-widget-image\" data-id=\"27fc560\" data-element_type=\"widget\" data-e-type=\"widget\" data-widget_type=\"image.default\">\n\t\t\t\t<div class=\"elementor-widget-container\">\n\t\t\t\t\t\t\t\t\t\t\t\t\t\t\t<img fetchpriority=\"high\" decoding=\"async\" width=\"1024\" height=\"591\" src=\"https:\/\/galerie-nudel.de\/wp-content\/uploads\/2024\/06\/Spinnennetz-Leinen-Aquarell-Oel-Pigment-Lack-139x79-cm-1024x591.jpg\" class=\"attachment-large size-large wp-image-1744\" alt=\"\" srcset=\"https:\/\/galerie-nudel.de\/wp-content\/uploads\/2024\/06\/Spinnennetz-Leinen-Aquarell-Oel-Pigment-Lack-139x79-cm-1024x591.jpg 1024w, https:\/\/galerie-nudel.de\/wp-content\/uploads\/2024\/06\/Spinnennetz-Leinen-Aquarell-Oel-Pigment-Lack-139x79-cm-300x173.jpg 300w, https:\/\/galerie-nudel.de\/wp-content\/uploads\/2024\/06\/Spinnennetz-Leinen-Aquarell-Oel-Pigment-Lack-139x79-cm.jpg 1157w\" sizes=\"(max-width: 1024px) 100vw, 1024px\" \/>\t\t\t\t\t\t\t\t\t\t\t\t\t\t\t<\/div>\n\t\t\t\t<\/div>\n\t\t\t\t\t<\/div>\n\t\t<\/div>\n\t\t\t\t\t<\/div>\n\t\t<\/section>\n\t\t\t\t<section class=\"elementor-section elementor-top-section elementor-element elementor-element-3b1fc11 elementor-section-boxed elementor-section-height-default elementor-section-height-default\" data-id=\"3b1fc11\" data-element_type=\"section\" data-e-type=\"section\">\n\t\t\t\t\t\t<div class=\"elementor-container elementor-column-gap-default\">\n\t\t\t\t\t<div class=\"elementor-column elementor-col-100 elementor-top-column elementor-element elementor-element-0859ddb\" data-id=\"0859ddb\" data-element_type=\"column\" data-e-type=\"column\">\n\t\t\t<div class=\"elementor-widget-wrap elementor-element-populated\">\n\t\t\t\t\t\t<div class=\"elementor-element elementor-element-ee89b81 elementor-widget elementor-widget-heading\" data-id=\"ee89b81\" data-element_type=\"widget\" data-e-type=\"widget\" data-widget_type=\"heading.default\">\n\t\t\t\t<div class=\"elementor-widget-container\">\n\t\t\t\t\t<h2 class=\"elementor-heading-title elementor-size-default\">Kunst ist eine Geldanlage mit Leidenschaft<\/h2>\t\t\t\t<\/div>\n\t\t\t\t<\/div>\n\t\t\t\t<div class=\"elementor-element elementor-element-192d804 elementor-widget-divider--view-line elementor-widget elementor-widget-divider\" data-id=\"192d804\" data-element_type=\"widget\" data-e-type=\"widget\" data-widget_type=\"divider.default\">\n\t\t\t\t<div class=\"elementor-widget-container\">\n\t\t\t\t\t\t\t<div class=\"elementor-divider\">\n\t\t\t<span class=\"elementor-divider-separator\">\n\t\t\t\t\t\t<\/span>\n\t\t<\/div>\n\t\t\t\t\t\t<\/div>\n\t\t\t\t<\/div>\n\t\t\t\t\t<\/div>\n\t\t<\/div>\n\t\t\t\t\t<\/div>\n\t\t<\/section>\n\t\t\t\t<section class=\"elementor-section elementor-top-section elementor-element elementor-element-9a062d6 elementor-section-boxed elementor-section-height-default elementor-section-height-default\" data-id=\"9a062d6\" data-element_type=\"section\" data-e-type=\"section\">\n\t\t\t\t\t\t<div class=\"elementor-container elementor-column-gap-default\">\n\t\t\t\t\t<div class=\"elementor-column elementor-col-100 elementor-top-column elementor-element elementor-element-71531f1\" data-id=\"71531f1\" data-element_type=\"column\" data-e-type=\"column\">\n\t\t\t<div class=\"elementor-widget-wrap elementor-element-populated\">\n\t\t\t\t\t\t<div class=\"elementor-element elementor-element-e62aa50 elementor-widget elementor-widget-text-editor\" data-id=\"e62aa50\" data-element_type=\"widget\" data-e-type=\"widget\" data-widget_type=\"text-editor.default\">\n\t\t\t\t<div class=\"elementor-widget-container\">\n\t\t\t\t\t\t\t\t\t<p><span style=\"color: var( --e-global-color-text );\">Bei Investitionen in Kunstwerke spielt neben dem finanziellen Aspekt auch der emotionale Wert eine gro\u00dfe Rolle. Deshalb ist Kunst weit mehr als eine reine Wertanlage. Zus\u00e4tzlich zum eigentlichen Sachwert tr\u00e4gt sie zu mehr Lebensqualit\u00e4t bei, f\u00f6rdert das Ansehen und Prestige des Besitzers und ber\u00fchrt gleichzeitig auf intellektueller und emotionaler Ebene. \u00a0\u00a0<\/span><\/p><p><span style=\"color: var( --e-global-color-text );\">Um das passende Kunstwerk f\u00fcr eine m\u00f6gliche Geldanlage zu finden, m\u00f6chten wir Sie mit unserem umfangreichen Wissen und unserer Erfahrung im Kunsthandel unterst\u00fctzen. Je nach Interesse und Vorliebe Ihrerseits w\u00e4hlen wir aus einem Portfolio von etablierter oder neuer Kunst und entwickeln mit Ihnen gemeinsam eine passende Anlagestrategie.\u00a0<\/span><\/p><p><span style=\"color: var( --e-global-color-text );\">Vereinbaren Sie gern ein unverbindliches Beratungsgespr\u00e4ch unter der Telefonnummer: 0152 33 99 19 00<\/span><\/p>\t\t\t\t\t\t\t\t<\/div>\n\t\t\t\t<\/div>\n\t\t\t\t<div class=\"elementor-element elementor-element-17bf48d elementor-widget elementor-widget-text-editor\" data-id=\"17bf48d\" data-element_type=\"widget\" data-e-type=\"widget\" data-widget_type=\"text-editor.default\">\n\t\t\t\t<div class=\"elementor-widget-container\">\n\t\t\t\t\t\t\t\t\t <div class=\"brlbs-cmpnt-container brlbs-cmpnt-content-blocker brlbs-cmpnt-with-individual-styles\" data-borlabs-cookie-content-blocker-id=\"google-maps\" data-borlabs-cookie-content=\"PGlmcmFtZSB0aXRsZT0iR29vZ2xlIE1hcHMgU3RhbmRvcnQgdm9uIERpcmsgTnVkZWwgLSBHYWxlcmllIiBzcmM9Imh0dHBzOi8vd3d3Lmdvb2dsZS5jb20vbWFwcy9lbWJlZD9wYj0hMW0xOCExbTEyITFtMyExZDM5OTc1LjkyNjIwNTk5MTUwNSEyZDYuNzY1MDcwMzIyNjg4OTg4ITNkNTEuMjI4MzcwODE3OTMyNDkhMm0zITFmMCEyZjAhM2YwITNtMiExaTEwMjQhMmk3NjghNGYxMy4xITNtMyExbTIhMXMweDQ3YjhjZDQzNjU4YmExMzklM0EweDdjOTdiNWRjY2QyMDg1YTAhMnNEaXJrJTIwTnVkZWwlMjBHYWxlcmllJTIwRCVDMyVCQ3NzZWxkb3JmITVlMCEzbTIhMXNkZSEyc2RlITR2MTc2Mjg2MjI5MTUwNiE1bTIhMXNkZSEyc2RlIiB3aWR0aD0iMTAwJSIgaGVpZ2h0PSI0NTAiIHN0eWxlPSJib3JkZXI6MDsiIGFsbG93ZnVsbHNjcmVlbj0iIiBsb2FkaW5nPSJsYXp5IiByZWZlcnJlcnBvbGljeT0ibm8tcmVmZXJyZXItd2hlbi1kb3duZ3JhZGUiPjwvaWZyYW1lPg==\"><div class=\"brlbs-cmpnt-cb-preset-b brlbs-cmpnt-cb-google-maps\"> <div class=\"brlbs-cmpnt-cb-thumbnail\" style=\"background-image: url('https:\/\/galerie-nudel.de\/wp-content\/uploads\/borlabs-cookie\/1\/brlbs-cb-google-maps-main.png')\"><\/div> <div class=\"brlbs-cmpnt-cb-main\"> <div class=\"brlbs-cmpnt-cb-content\"> <p class=\"brlbs-cmpnt-cb-description\">Sie sehen gerade einen Platzhalterinhalt von <strong>Google Maps<\/strong>. Um auf den eigentlichen Inhalt zuzugreifen, klicken Sie auf die Schaltfl\u00e4che unten. Bitte beachten Sie, dass dabei Daten an Drittanbieter weitergegeben werden.<\/p> <a class=\"brlbs-cmpnt-cb-provider-toggle\" href=\"#\" data-borlabs-cookie-show-provider-information role=\"button\">Mehr Informationen<\/a> <\/div> <div class=\"brlbs-cmpnt-cb-buttons\"> <a class=\"brlbs-cmpnt-cb-btn\" href=\"#\" data-borlabs-cookie-unblock role=\"button\">Inhalt entsperren<\/a> <a class=\"brlbs-cmpnt-cb-btn\" href=\"#\" data-borlabs-cookie-accept-service role=\"button\" style=\"display: inherit\">Erforderlichen Service akzeptieren und Inhalte entsperren<\/a> <\/div> <\/div> <\/div><\/div>\t\t\t\t\t\t\t\t<\/div>\n\t\t\t\t<\/div>\n\t\t\t\t<div class=\"elementor-element elementor-element-e0e2624 elementor-widget elementor-widget-spacer\" data-id=\"e0e2624\" data-element_type=\"widget\" data-e-type=\"widget\" data-widget_type=\"spacer.default\">\n\t\t\t\t<div class=\"elementor-widget-container\">\n\t\t\t\t\t\t\t<div class=\"elementor-spacer\">\n\t\t\t<div class=\"elementor-spacer-inner\"><\/div>\n\t\t<\/div>\n\t\t\t\t\t\t<\/div>\n\t\t\t\t<\/div>\n\t\t\t\t\t<\/div>\n\t\t<\/div>\n\t\t\t\t\t<\/div>\n\t\t<\/section>\n\t\t\t\t<\/div>\n\t\t","protected":false},"excerpt":{"rendered":"<p>Startseite Warum Sie sich f\u00fcr uns entscheiden sollten Die Galerie Dirk Nudel: Erwecken Sie Ihr Leben mit Kunst. Wir bieten exklusive Kunstwerke von aufstrebenden und etablierten K\u00fcnstlern, kombiniert mit ma\u00dfgeschneiderter Beratung und einer warmen, einladenden Atmosph\u00e4re. Entdecken Sie bei uns Kunst, die inspiriert und ber\u00fchrt \u2013 individuell ausgew\u00e4hlt, um Ihre Sammlung zu bereichern und Ihrem <a href=\"https:\/\/galerie-nudel.de\/index.php\/startseite\/\" class=\"more-link\">\u2026\u00a0<span class=\"screen-reader-text\">  Startseite<\/span><\/a><\/p>\n","protected":false},"author":1,"featured_media":0,"parent":0,"menu_order":10,"comment_status":"closed","ping_status":"closed","template":"","meta":{"footnotes":""},"class_list":["post-1740","page","type-page","status-publish","hentry"],"yoast_head":"<!-- This site is optimized with the Yoast SEO plugin v27.3 - https:\/\/yoast.com\/product\/yoast-seo-wordpress\/ -->\n<title>Kunst Galerie Dirk Nudel in D\u00fcsseldorf mit Bildern und Skulpturen<\/title>\n<meta name=\"description\" content=\"Finden Sie ausgew\u00e4hlte Kunstwerke von Viktor Kovalyk und Erik Mamberger in Form von Bildern und Skulpturen in unseren Ausstellungen\" \/>\n<meta name=\"robots\" content=\"index, follow, max-snippet:-1, max-image-preview:large, max-video-preview:-1\" \/>\n<link rel=\"canonical\" href=\"https:\/\/galerie-nudel.de\/index.php\/startseite\/\" \/>\n<meta property=\"og:locale\" content=\"de_DE\" \/>\n<meta property=\"og:type\" content=\"article\" \/>\n<meta property=\"og:title\" content=\"Kunst Galerie Dirk Nudel in D\u00fcsseldorf mit Bildern und Skulpturen\" \/>\n<meta property=\"og:description\" content=\"Finden Sie ausgew\u00e4hlte Kunstwerke von Viktor Kovalyk und Erik Mamberger in Form von Bildern und Skulpturen in unseren Ausstellungen\" \/>\n<meta property=\"og:url\" content=\"https:\/\/galerie-nudel.de\/index.php\/startseite\/\" \/>\n<meta property=\"og:site_name\" content=\"Galerie Dirk Nudel\" \/>\n<meta property=\"article:modified_time\" content=\"2025-11-11T12:04:38+00:00\" \/>\n<meta property=\"og:image\" content=\"https:\/\/galerie-nudel.de\/wp-content\/uploads\/2024\/06\/Spinnennetz-Leinen-Aquarell-Oel-Pigment-Lack-139x79-cm.jpg\" \/>\n\t<meta property=\"og:image:width\" content=\"1157\" \/>\n\t<meta property=\"og:image:height\" content=\"668\" \/>\n\t<meta property=\"og:image:type\" content=\"image\/jpeg\" \/>\n<meta name=\"twitter:card\" content=\"summary_large_image\" \/>\n<meta name=\"twitter:label1\" content=\"Gesch\u00e4tzte Lesezeit\" \/>\n\t<meta name=\"twitter:data1\" content=\"2\u00a0Minuten\" \/>\n<script type=\"application\/ld+json\" class=\"yoast-schema-graph\">{\"@context\":\"https:\\\/\\\/schema.org\",\"@graph\":[{\"@type\":\"WebPage\",\"@id\":\"https:\\\/\\\/galerie-nudel.de\\\/index.php\\\/startseite\\\/\",\"url\":\"https:\\\/\\\/galerie-nudel.de\\\/index.php\\\/startseite\\\/\",\"name\":\"Kunst Galerie Dirk Nudel in D\u00fcsseldorf mit Bildern und Skulpturen\",\"isPartOf\":{\"@id\":\"https:\\\/\\\/galerie-nudel.de\\\/#website\"},\"primaryImageOfPage\":{\"@id\":\"https:\\\/\\\/galerie-nudel.de\\\/index.php\\\/startseite\\\/#primaryimage\"},\"image\":{\"@id\":\"https:\\\/\\\/galerie-nudel.de\\\/index.php\\\/startseite\\\/#primaryimage\"},\"thumbnailUrl\":\"https:\\\/\\\/galerie-nudel.de\\\/wp-content\\\/uploads\\\/2024\\\/06\\\/Spinnennetz-Leinen-Aquarell-Oel-Pigment-Lack-139x79-cm-1024x591.jpg\",\"datePublished\":\"2024-06-15T17:22:30+00:00\",\"dateModified\":\"2025-11-11T12:04:38+00:00\",\"description\":\"Finden Sie ausgew\u00e4hlte Kunstwerke von Viktor Kovalyk und Erik Mamberger in Form von Bildern und Skulpturen in unseren Ausstellungen\",\"breadcrumb\":{\"@id\":\"https:\\\/\\\/galerie-nudel.de\\\/index.php\\\/startseite\\\/#breadcrumb\"},\"inLanguage\":\"de\",\"potentialAction\":[{\"@type\":\"ReadAction\",\"target\":[\"https:\\\/\\\/galerie-nudel.de\\\/index.php\\\/startseite\\\/\"]}]},{\"@type\":\"ImageObject\",\"inLanguage\":\"de\",\"@id\":\"https:\\\/\\\/galerie-nudel.de\\\/index.php\\\/startseite\\\/#primaryimage\",\"url\":\"https:\\\/\\\/galerie-nudel.de\\\/wp-content\\\/uploads\\\/2024\\\/06\\\/Spinnennetz-Leinen-Aquarell-Oel-Pigment-Lack-139x79-cm.jpg\",\"contentUrl\":\"https:\\\/\\\/galerie-nudel.de\\\/wp-content\\\/uploads\\\/2024\\\/06\\\/Spinnennetz-Leinen-Aquarell-Oel-Pigment-Lack-139x79-cm.jpg\",\"width\":1157,\"height\":668},{\"@type\":\"BreadcrumbList\",\"@id\":\"https:\\\/\\\/galerie-nudel.de\\\/index.php\\\/startseite\\\/#breadcrumb\",\"itemListElement\":[{\"@type\":\"ListItem\",\"position\":1,\"name\":\"Startseite\",\"item\":\"https:\\\/\\\/galerie-nudel.de\\\/\"},{\"@type\":\"ListItem\",\"position\":2,\"name\":\"Startseite\"}]},{\"@type\":\"WebSite\",\"@id\":\"https:\\\/\\\/galerie-nudel.de\\\/#website\",\"url\":\"https:\\\/\\\/galerie-nudel.de\\\/\",\"name\":\"Galerie Dirk Nudel\",\"description\":\"\",\"potentialAction\":[{\"@type\":\"SearchAction\",\"target\":{\"@type\":\"EntryPoint\",\"urlTemplate\":\"https:\\\/\\\/galerie-nudel.de\\\/?s={search_term_string}\"},\"query-input\":{\"@type\":\"PropertyValueSpecification\",\"valueRequired\":true,\"valueName\":\"search_term_string\"}}],\"inLanguage\":\"de\"}]}<\/script>\n<!-- \/ Yoast SEO plugin. -->","yoast_head_json":{"title":"Kunst Galerie Dirk Nudel in D\u00fcsseldorf mit Bildern und Skulpturen","description":"Finden Sie ausgew\u00e4hlte Kunstwerke von Viktor Kovalyk und Erik Mamberger in Form von Bildern und Skulpturen in unseren Ausstellungen","robots":{"index":"index","follow":"follow","max-snippet":"max-snippet:-1","max-image-preview":"max-image-preview:large","max-video-preview":"max-video-preview:-1"},"canonical":"https:\/\/galerie-nudel.de\/index.php\/startseite\/","og_locale":"de_DE","og_type":"article","og_title":"Kunst Galerie Dirk Nudel in D\u00fcsseldorf mit Bildern und Skulpturen","og_description":"Finden Sie ausgew\u00e4hlte Kunstwerke von Viktor Kovalyk und Erik Mamberger in Form von Bildern und Skulpturen in unseren Ausstellungen","og_url":"https:\/\/galerie-nudel.de\/index.php\/startseite\/","og_site_name":"Galerie Dirk Nudel","article_modified_time":"2025-11-11T12:04:38+00:00","og_image":[{"width":1157,"height":668,"url":"https:\/\/galerie-nudel.de\/wp-content\/uploads\/2024\/06\/Spinnennetz-Leinen-Aquarell-Oel-Pigment-Lack-139x79-cm.jpg","type":"image\/jpeg"}],"twitter_card":"summary_large_image","twitter_misc":{"Gesch\u00e4tzte Lesezeit":"2\u00a0Minuten"},"schema":{"@context":"https:\/\/schema.org","@graph":[{"@type":"WebPage","@id":"https:\/\/galerie-nudel.de\/index.php\/startseite\/","url":"https:\/\/galerie-nudel.de\/index.php\/startseite\/","name":"Kunst Galerie Dirk Nudel in D\u00fcsseldorf mit Bildern und Skulpturen","isPartOf":{"@id":"https:\/\/galerie-nudel.de\/#website"},"primaryImageOfPage":{"@id":"https:\/\/galerie-nudel.de\/index.php\/startseite\/#primaryimage"},"image":{"@id":"https:\/\/galerie-nudel.de\/index.php\/startseite\/#primaryimage"},"thumbnailUrl":"https:\/\/galerie-nudel.de\/wp-content\/uploads\/2024\/06\/Spinnennetz-Leinen-Aquarell-Oel-Pigment-Lack-139x79-cm-1024x591.jpg","datePublished":"2024-06-15T17:22:30+00:00","dateModified":"2025-11-11T12:04:38+00:00","description":"Finden Sie ausgew\u00e4hlte Kunstwerke von Viktor Kovalyk und Erik Mamberger in Form von Bildern und Skulpturen in unseren Ausstellungen","breadcrumb":{"@id":"https:\/\/galerie-nudel.de\/index.php\/startseite\/#breadcrumb"},"inLanguage":"de","potentialAction":[{"@type":"ReadAction","target":["https:\/\/galerie-nudel.de\/index.php\/startseite\/"]}]},{"@type":"ImageObject","inLanguage":"de","@id":"https:\/\/galerie-nudel.de\/index.php\/startseite\/#primaryimage","url":"https:\/\/galerie-nudel.de\/wp-content\/uploads\/2024\/06\/Spinnennetz-Leinen-Aquarell-Oel-Pigment-Lack-139x79-cm.jpg","contentUrl":"https:\/\/galerie-nudel.de\/wp-content\/uploads\/2024\/06\/Spinnennetz-Leinen-Aquarell-Oel-Pigment-Lack-139x79-cm.jpg","width":1157,"height":668},{"@type":"BreadcrumbList","@id":"https:\/\/galerie-nudel.de\/index.php\/startseite\/#breadcrumb","itemListElement":[{"@type":"ListItem","position":1,"name":"Startseite","item":"https:\/\/galerie-nudel.de\/"},{"@type":"ListItem","position":2,"name":"Startseite"}]},{"@type":"WebSite","@id":"https:\/\/galerie-nudel.de\/#website","url":"https:\/\/galerie-nudel.de\/","name":"Galerie Dirk Nudel","description":"","potentialAction":[{"@type":"SearchAction","target":{"@type":"EntryPoint","urlTemplate":"https:\/\/galerie-nudel.de\/?s={search_term_string}"},"query-input":{"@type":"PropertyValueSpecification","valueRequired":true,"valueName":"search_term_string"}}],"inLanguage":"de"}]}},"_links":{"self":[{"href":"https:\/\/galerie-nudel.de\/index.php\/wp-json\/wp\/v2\/pages\/1740","targetHints":{"allow":["GET"]}}],"collection":[{"href":"https:\/\/galerie-nudel.de\/index.php\/wp-json\/wp\/v2\/pages"}],"about":[{"href":"https:\/\/galerie-nudel.de\/index.php\/wp-json\/wp\/v2\/types\/page"}],"author":[{"embeddable":true,"href":"https:\/\/galerie-nudel.de\/index.php\/wp-json\/wp\/v2\/users\/1"}],"replies":[{"embeddable":true,"href":"https:\/\/galerie-nudel.de\/index.php\/wp-json\/wp\/v2\/comments?post=1740"}],"version-history":[{"count":10,"href":"https:\/\/galerie-nudel.de\/index.php\/wp-json\/wp\/v2\/pages\/1740\/revisions"}],"predecessor-version":[{"id":2595,"href":"https:\/\/galerie-nudel.de\/index.php\/wp-json\/wp\/v2\/pages\/1740\/revisions\/2595"}],"wp:attachment":[{"href":"https:\/\/galerie-nudel.de\/index.php\/wp-json\/wp\/v2\/media?parent=1740"}],"curies":[{"name":"wp","href":"https:\/\/api.w.org\/{rel}","templated":true}]}}