{"id":1709,"date":"2024-06-15T16:41:38","date_gmt":"2024-06-15T16:41:38","guid":{"rendered":"https:\/\/galerie-nudel.de\/?page_id=1709"},"modified":"2025-10-22T15:36:22","modified_gmt":"2025-10-22T15:36:22","slug":"kunst-zu-bestellen","status":"publish","type":"page","link":"https:\/\/galerie-nudel.de\/index.php\/kunst-zu-bestellen\/","title":{"rendered":"Kunst zu bestellen"},"content":{"rendered":"\t\t<div data-elementor-type=\"wp-page\" data-elementor-id=\"1709\" class=\"elementor elementor-1709\">\n\t\t\t\t\t\t<section class=\"elementor-section elementor-top-section elementor-element elementor-element-493b7bd elementor-section-boxed elementor-section-height-default elementor-section-height-default\" data-id=\"493b7bd\" data-element_type=\"section\" data-e-type=\"section\">\n\t\t\t\t\t\t<div class=\"elementor-container elementor-column-gap-default\">\n\t\t\t\t\t<div class=\"elementor-column elementor-col-100 elementor-top-column elementor-element elementor-element-c93b7cf\" data-id=\"c93b7cf\" data-element_type=\"column\" data-e-type=\"column\">\n\t\t\t<div class=\"elementor-widget-wrap\">\n\t\t\t\t\t\t\t<\/div>\n\t\t<\/div>\n\t\t\t\t\t<\/div>\n\t\t<\/section>\n\t\t\t\t<section class=\"elementor-section elementor-top-section elementor-element elementor-element-cc1595b elementor-section-boxed elementor-section-height-default elementor-section-height-default\" data-id=\"cc1595b\" data-element_type=\"section\" data-e-type=\"section\">\n\t\t\t\t\t\t<div class=\"elementor-container elementor-column-gap-default\">\n\t\t\t\t\t<div class=\"elementor-column elementor-col-100 elementor-top-column elementor-element elementor-element-e780a36\" data-id=\"e780a36\" data-element_type=\"column\" data-e-type=\"column\">\n\t\t\t<div class=\"elementor-widget-wrap elementor-element-populated\">\n\t\t\t\t\t\t<div class=\"elementor-element elementor-element-24ef4c1 elementor-widget elementor-widget-heading\" data-id=\"24ef4c1\" data-element_type=\"widget\" data-e-type=\"widget\" data-widget_type=\"heading.default\">\n\t\t\t\t<div class=\"elementor-widget-container\">\n\t\t\t\t\t<h3 class=\"elementor-heading-title elementor-size-default\">galerie-nudel.de<\/h3>\t\t\t\t<\/div>\n\t\t\t\t<\/div>\n\t\t\t\t<div class=\"elementor-element elementor-element-5d0f180 elementor-widget elementor-widget-heading\" data-id=\"5d0f180\" data-element_type=\"widget\" data-e-type=\"widget\" data-widget_type=\"heading.default\">\n\t\t\t\t<div class=\"elementor-widget-container\">\n\t\t\t\t\t<h2 class=\"elementor-heading-title elementor-size-default\">Kunst zu bestellen<\/h2>\t\t\t\t<\/div>\n\t\t\t\t<\/div>\n\t\t\t\t<div class=\"elementor-element elementor-element-89a27a6 elementor-widget-divider--view-line elementor-widget elementor-widget-divider\" data-id=\"89a27a6\" data-element_type=\"widget\" data-e-type=\"widget\" data-widget_type=\"divider.default\">\n\t\t\t\t<div class=\"elementor-widget-container\">\n\t\t\t\t\t\t\t<div class=\"elementor-divider\">\n\t\t\t<span class=\"elementor-divider-separator\">\n\t\t\t\t\t\t<\/span>\n\t\t<\/div>\n\t\t\t\t\t\t<\/div>\n\t\t\t\t<\/div>\n\t\t\t\t<div class=\"elementor-element elementor-element-5734cb2 elementor-widget elementor-widget-text-editor\" data-id=\"5734cb2\" data-element_type=\"widget\" data-e-type=\"widget\" data-widget_type=\"text-editor.default\">\n\t\t\t\t<div class=\"elementor-widget-container\">\n\t\t\t\t\t\t\t\t\t<p>Manche Kunstwerke entstehen aus einer spontanen Inspiration \u2013 andere aus einem pers\u00f6nlichen Wunsch.<br \/>In der Galerie Dirk Nudel haben Sie die M\u00f6glichkeit, Kunstwerke auf Bestellung zu erhalten \u2013 individuell, pers\u00f6nlich und mit der Handschrift unserer K\u00fcnstlerinnen und K\u00fcnstler.<\/p><p>Ob Gem\u00e4lde, Skulpturen oder besondere Erinnerungsst\u00fccke \u2013 wir nehmen Ihre W\u00fcnsche entgegen und lassen daraus einzigartige Kunst entstehen.<\/p><p><strong>Viktor Kovalyk \u2013 Einzigartigkeit in jedem Stil<\/strong><\/p><p>Der K\u00fcnstler Viktor Kovalyk ist bekannt f\u00fcr seine farbintensiven, symbolgeladenen Werke voller Energie und Ausdruck.<br \/>Bei ihm k\u00f6nnen Sie Bilder in jedem Stil bestellen \u2013 realistisch, abstrakt, expressionistisch oder frei interpretiert.<br \/>Trotz dieser Vielfalt bleibt eines immer gleich: seine unverwechselbare Handschrift und die F\u00e4higkeit, Emotionen in Farbe und Form festzuhalten.<\/p><p>\u201eEr zeigt und bewahrt Einzigartigkeit \u2013 in jedem Stil.\u201c<\/p><p><strong>Aleksey Leonov \u2013 Skulpturen mit Charakter<\/strong><\/p><p>Der Bildhauer Aleksey Leonov erschafft au\u00dfergew\u00f6hnliche Skulpturen und Grabsteine, die weit \u00fcber das Handwerk hinausgehen.<br \/>Seine Werke verbinden \u00e4sthetische Pr\u00e4zision mit emotionaler Tiefe \u2013 von modernen Bronzeplastiken bis zu individuellen Grabmalen, die die Pers\u00f6nlichkeit eines Menschen w\u00fcrdevoll zum Ausdruck bringen.<\/p><p>\u201eJedes Werk ist ein Zeichen von Erinnerung, St\u00e4rke und Ausdruck.\u201c<\/p><p><strong>Ihr pers\u00f6nliches Kunstwerk<\/strong><\/p><p>Wenn Sie ein Portr\u00e4t, ein Wandbild, eine Figur oder ein Kunstobjekt nach Ihren Vorstellungen w\u00fcnschen,<br \/>k\u00f6nnen Sie Ihre Ideen direkt an uns richten. Die Galerie Dirk Nudel nimmt Ihre Anfrage entgegen, ber\u00e4t Sie gerne und begleitet die Umsetzung \u2013 professionell, verl\u00e4sslich und mit Liebe zur Kunst.<\/p><p>\ud83d\udd8c\ufe0f Beratung &amp; Bestellung:<br \/>Senden Sie uns Ihre Anfrage einfach \u00fcber das Kontaktformular<\/p>\t\t\t\t\t\t\t\t<\/div>\n\t\t\t\t<\/div>\n\t\t\t\t\t<\/div>\n\t\t<\/div>\n\t\t\t\t\t<\/div>\n\t\t<\/section>\n\t\t\t\t<section class=\"elementor-section elementor-top-section elementor-element elementor-element-2860ed1 elementor-section-boxed elementor-section-height-default elementor-section-height-default\" data-id=\"2860ed1\" data-element_type=\"section\" data-e-type=\"section\">\n\t\t\t\t\t\t<div class=\"elementor-container elementor-column-gap-default\">\n\t\t\t\t\t<div class=\"elementor-column elementor-col-100 elementor-top-column elementor-element elementor-element-6860bd4\" data-id=\"6860bd4\" data-element_type=\"column\" data-e-type=\"column\">\n\t\t\t<div class=\"elementor-widget-wrap\">\n\t\t\t\t\t\t\t<\/div>\n\t\t<\/div>\n\t\t\t\t\t<\/div>\n\t\t<\/section>\n\t\t\t\t<\/div>\n\t\t","protected":false},"excerpt":{"rendered":"<p>galerie-nudel.de Kunst zu bestellen Manche Kunstwerke entstehen aus einer spontanen Inspiration \u2013 andere aus einem pers\u00f6nlichen Wunsch.In der Galerie Dirk Nudel haben Sie die M\u00f6glichkeit, Kunstwerke auf Bestellung zu erhalten \u2013 individuell, pers\u00f6nlich und mit der Handschrift unserer K\u00fcnstlerinnen und K\u00fcnstler. Ob Gem\u00e4lde, Skulpturen oder besondere Erinnerungsst\u00fccke \u2013 wir nehmen Ihre W\u00fcnsche entgegen und lassen <a href=\"https:\/\/galerie-nudel.de\/index.php\/kunst-zu-bestellen\/\" class=\"more-link\">\u2026\u00a0<span class=\"screen-reader-text\">  Kunst zu bestellen<\/span><\/a><\/p>\n","protected":false},"author":1,"featured_media":0,"parent":0,"menu_order":130,"comment_status":"closed","ping_status":"closed","template":"","meta":{"footnotes":""},"class_list":["post-1709","page","type-page","status-publish","hentry"],"yoast_head":"<!-- This site is optimized with the Yoast SEO plugin v27.5 - https:\/\/yoast.com\/product\/yoast-seo-wordpress\/ -->\n<title>Kunst zu bestellen - Kunst Galerie Dirk Nudel D\u00fcsseldorf<\/title>\n<meta name=\"description\" content=\"Die Angaben gem\u00e4\u00df \u00a7 5 TMG der Kunst Galerie Dirk Nudel D\u00fcsseldorf. diese Seite enth\u00e4lt alle f\u00fcr Sie relevanten Informationen \u00fcber uns.\" \/>\n<meta name=\"robots\" content=\"index, follow, max-snippet:-1, max-image-preview:large, max-video-preview:-1\" \/>\n<link rel=\"canonical\" href=\"https:\/\/galerie-nudel.de\/index.php\/kunst-zu-bestellen\/\" \/>\n<meta property=\"og:locale\" content=\"de_DE\" \/>\n<meta property=\"og:type\" content=\"article\" \/>\n<meta property=\"og:title\" content=\"Kunst zu bestellen - Kunst Galerie Dirk Nudel D\u00fcsseldorf\" \/>\n<meta property=\"og:description\" content=\"Die Angaben gem\u00e4\u00df \u00a7 5 TMG der Kunst Galerie Dirk Nudel D\u00fcsseldorf. diese Seite enth\u00e4lt alle f\u00fcr Sie relevanten Informationen \u00fcber uns.\" \/>\n<meta property=\"og:url\" content=\"https:\/\/galerie-nudel.de\/index.php\/kunst-zu-bestellen\/\" \/>\n<meta property=\"og:site_name\" content=\"Galerie Dirk Nudel\" \/>\n<meta property=\"article:modified_time\" content=\"2025-10-22T15:36:22+00:00\" \/>\n<meta name=\"twitter:card\" content=\"summary_large_image\" \/>\n<meta name=\"twitter:label1\" content=\"Gesch\u00e4tzte Lesezeit\" \/>\n\t<meta name=\"twitter:data1\" content=\"2\u00a0Minuten\" \/>\n<script type=\"application\/ld+json\" class=\"yoast-schema-graph\">{\"@context\":\"https:\\\/\\\/schema.org\",\"@graph\":[{\"@type\":\"WebPage\",\"@id\":\"https:\\\/\\\/galerie-nudel.de\\\/index.php\\\/kunst-zu-bestellen\\\/\",\"url\":\"https:\\\/\\\/galerie-nudel.de\\\/index.php\\\/kunst-zu-bestellen\\\/\",\"name\":\"Kunst zu bestellen - Kunst Galerie Dirk Nudel D\u00fcsseldorf\",\"isPartOf\":{\"@id\":\"https:\\\/\\\/galerie-nudel.de\\\/#website\"},\"datePublished\":\"2024-06-15T16:41:38+00:00\",\"dateModified\":\"2025-10-22T15:36:22+00:00\",\"description\":\"Die Angaben gem\u00e4\u00df \u00a7 5 TMG der Kunst Galerie Dirk Nudel D\u00fcsseldorf. diese Seite enth\u00e4lt alle f\u00fcr Sie relevanten Informationen \u00fcber uns.\",\"breadcrumb\":{\"@id\":\"https:\\\/\\\/galerie-nudel.de\\\/index.php\\\/kunst-zu-bestellen\\\/#breadcrumb\"},\"inLanguage\":\"de\",\"potentialAction\":[{\"@type\":\"ReadAction\",\"target\":[\"https:\\\/\\\/galerie-nudel.de\\\/index.php\\\/kunst-zu-bestellen\\\/\"]}]},{\"@type\":\"BreadcrumbList\",\"@id\":\"https:\\\/\\\/galerie-nudel.de\\\/index.php\\\/kunst-zu-bestellen\\\/#breadcrumb\",\"itemListElement\":[{\"@type\":\"ListItem\",\"position\":1,\"name\":\"Startseite\",\"item\":\"https:\\\/\\\/galerie-nudel.de\\\/\"},{\"@type\":\"ListItem\",\"position\":2,\"name\":\"Kunst zu bestellen\"}]},{\"@type\":\"WebSite\",\"@id\":\"https:\\\/\\\/galerie-nudel.de\\\/#website\",\"url\":\"https:\\\/\\\/galerie-nudel.de\\\/\",\"name\":\"Galerie Dirk Nudel\",\"description\":\"\",\"potentialAction\":[{\"@type\":\"SearchAction\",\"target\":{\"@type\":\"EntryPoint\",\"urlTemplate\":\"https:\\\/\\\/galerie-nudel.de\\\/?s={search_term_string}\"},\"query-input\":{\"@type\":\"PropertyValueSpecification\",\"valueRequired\":true,\"valueName\":\"search_term_string\"}}],\"inLanguage\":\"de\"}]}<\/script>\n<!-- \/ Yoast SEO plugin. -->","yoast_head_json":{"title":"Kunst zu bestellen - Kunst Galerie Dirk Nudel D\u00fcsseldorf","description":"Die Angaben gem\u00e4\u00df \u00a7 5 TMG der Kunst Galerie Dirk Nudel D\u00fcsseldorf. diese Seite enth\u00e4lt alle f\u00fcr Sie relevanten Informationen \u00fcber uns.","robots":{"index":"index","follow":"follow","max-snippet":"max-snippet:-1","max-image-preview":"max-image-preview:large","max-video-preview":"max-video-preview:-1"},"canonical":"https:\/\/galerie-nudel.de\/index.php\/kunst-zu-bestellen\/","og_locale":"de_DE","og_type":"article","og_title":"Kunst zu bestellen - Kunst Galerie Dirk Nudel D\u00fcsseldorf","og_description":"Die Angaben gem\u00e4\u00df \u00a7 5 TMG der Kunst Galerie Dirk Nudel D\u00fcsseldorf. diese Seite enth\u00e4lt alle f\u00fcr Sie relevanten Informationen \u00fcber uns.","og_url":"https:\/\/galerie-nudel.de\/index.php\/kunst-zu-bestellen\/","og_site_name":"Galerie Dirk Nudel","article_modified_time":"2025-10-22T15:36:22+00:00","twitter_card":"summary_large_image","twitter_misc":{"Gesch\u00e4tzte Lesezeit":"2\u00a0Minuten"},"schema":{"@context":"https:\/\/schema.org","@graph":[{"@type":"WebPage","@id":"https:\/\/galerie-nudel.de\/index.php\/kunst-zu-bestellen\/","url":"https:\/\/galerie-nudel.de\/index.php\/kunst-zu-bestellen\/","name":"Kunst zu bestellen - Kunst Galerie Dirk Nudel D\u00fcsseldorf","isPartOf":{"@id":"https:\/\/galerie-nudel.de\/#website"},"datePublished":"2024-06-15T16:41:38+00:00","dateModified":"2025-10-22T15:36:22+00:00","description":"Die Angaben gem\u00e4\u00df \u00a7 5 TMG der Kunst Galerie Dirk Nudel D\u00fcsseldorf. diese Seite enth\u00e4lt alle f\u00fcr Sie relevanten Informationen \u00fcber uns.","breadcrumb":{"@id":"https:\/\/galerie-nudel.de\/index.php\/kunst-zu-bestellen\/#breadcrumb"},"inLanguage":"de","potentialAction":[{"@type":"ReadAction","target":["https:\/\/galerie-nudel.de\/index.php\/kunst-zu-bestellen\/"]}]},{"@type":"BreadcrumbList","@id":"https:\/\/galerie-nudel.de\/index.php\/kunst-zu-bestellen\/#breadcrumb","itemListElement":[{"@type":"ListItem","position":1,"name":"Startseite","item":"https:\/\/galerie-nudel.de\/"},{"@type":"ListItem","position":2,"name":"Kunst zu bestellen"}]},{"@type":"WebSite","@id":"https:\/\/galerie-nudel.de\/#website","url":"https:\/\/galerie-nudel.de\/","name":"Galerie Dirk Nudel","description":"","potentialAction":[{"@type":"SearchAction","target":{"@type":"EntryPoint","urlTemplate":"https:\/\/galerie-nudel.de\/?s={search_term_string}"},"query-input":{"@type":"PropertyValueSpecification","valueRequired":true,"valueName":"search_term_string"}}],"inLanguage":"de"}]}},"_links":{"self":[{"href":"https:\/\/galerie-nudel.de\/index.php\/wp-json\/wp\/v2\/pages\/1709","targetHints":{"allow":["GET"]}}],"collection":[{"href":"https:\/\/galerie-nudel.de\/index.php\/wp-json\/wp\/v2\/pages"}],"about":[{"href":"https:\/\/galerie-nudel.de\/index.php\/wp-json\/wp\/v2\/types\/page"}],"author":[{"embeddable":true,"href":"https:\/\/galerie-nudel.de\/index.php\/wp-json\/wp\/v2\/users\/1"}],"replies":[{"embeddable":true,"href":"https:\/\/galerie-nudel.de\/index.php\/wp-json\/wp\/v2\/comments?post=1709"}],"version-history":[{"count":25,"href":"https:\/\/galerie-nudel.de\/index.php\/wp-json\/wp\/v2\/pages\/1709\/revisions"}],"predecessor-version":[{"id":2379,"href":"https:\/\/galerie-nudel.de\/index.php\/wp-json\/wp\/v2\/pages\/1709\/revisions\/2379"}],"wp:attachment":[{"href":"https:\/\/galerie-nudel.de\/index.php\/wp-json\/wp\/v2\/media?parent=1709"}],"curies":[{"name":"wp","href":"https:\/\/api.w.org\/{rel}","templated":true}]}}