{"id":1433,"date":"2022-01-15T15:52:06","date_gmt":"2022-01-15T15:52:06","guid":{"rendered":"https:\/\/galerie-nudel.de\/?page_id=1433"},"modified":"2024-06-30T18:40:07","modified_gmt":"2024-06-30T18:40:07","slug":"aktuelles-erik","status":"publish","type":"page","link":"https:\/\/galerie-nudel.de\/index.php\/aktuelles-erik\/","title":{"rendered":"Aktuelles &#8211; Erik"},"content":{"rendered":"\t\t<div data-elementor-type=\"wp-page\" data-elementor-id=\"1433\" class=\"elementor elementor-1433\">\n\t\t\t\t\t\t<section class=\"elementor-section elementor-top-section elementor-element elementor-element-493b7bd elementor-section-boxed elementor-section-height-default elementor-section-height-default\" data-id=\"493b7bd\" data-element_type=\"section\" data-e-type=\"section\">\n\t\t\t\t\t\t<div class=\"elementor-container elementor-column-gap-default\">\n\t\t\t\t\t<div class=\"elementor-column elementor-col-100 elementor-top-column elementor-element elementor-element-c93b7cf\" data-id=\"c93b7cf\" data-element_type=\"column\" data-e-type=\"column\">\n\t\t\t<div class=\"elementor-widget-wrap\">\n\t\t\t\t\t\t\t<\/div>\n\t\t<\/div>\n\t\t\t\t\t<\/div>\n\t\t<\/section>\n\t\t\t\t<section class=\"elementor-section elementor-top-section elementor-element elementor-element-cc1595b elementor-section-boxed elementor-section-height-default elementor-section-height-default\" data-id=\"cc1595b\" data-element_type=\"section\" data-e-type=\"section\">\n\t\t\t\t\t\t<div class=\"elementor-container elementor-column-gap-default\">\n\t\t\t\t\t<div class=\"elementor-column elementor-col-100 elementor-top-column elementor-element elementor-element-e780a36\" data-id=\"e780a36\" data-element_type=\"column\" data-e-type=\"column\">\n\t\t\t<div class=\"elementor-widget-wrap elementor-element-populated\">\n\t\t\t\t\t\t<div class=\"elementor-element elementor-element-24ef4c1 elementor-widget elementor-widget-heading\" data-id=\"24ef4c1\" data-element_type=\"widget\" data-e-type=\"widget\" data-widget_type=\"heading.default\">\n\t\t\t\t<div class=\"elementor-widget-container\">\n\t\t\t\t\t<h3 class=\"elementor-heading-title elementor-size-default\">Aktuelles<\/h3>\t\t\t\t<\/div>\n\t\t\t\t<\/div>\n\t\t\t\t<div class=\"elementor-element elementor-element-5d0f180 elementor-widget elementor-widget-heading\" data-id=\"5d0f180\" data-element_type=\"widget\" data-e-type=\"widget\" data-widget_type=\"heading.default\">\n\t\t\t\t<div class=\"elementor-widget-container\">\n\t\t\t\t\t<h2 class=\"elementor-heading-title elementor-size-default\">Erik Mamberger\/ERk_MemBRAn<\/h2>\t\t\t\t<\/div>\n\t\t\t\t<\/div>\n\t\t\t\t<div class=\"elementor-element elementor-element-89a27a6 elementor-widget-divider--view-line elementor-widget elementor-widget-divider\" data-id=\"89a27a6\" data-element_type=\"widget\" data-e-type=\"widget\" data-widget_type=\"divider.default\">\n\t\t\t\t<div class=\"elementor-widget-container\">\n\t\t\t\t\t\t\t<div class=\"elementor-divider\">\n\t\t\t<span class=\"elementor-divider-separator\">\n\t\t\t\t\t\t<\/span>\n\t\t<\/div>\n\t\t\t\t\t\t<\/div>\n\t\t\t\t<\/div>\n\t\t\t\t<div class=\"elementor-element elementor-element-5734cb2 elementor-widget elementor-widget-text-editor\" data-id=\"5734cb2\" data-element_type=\"widget\" data-e-type=\"widget\" data-widget_type=\"text-editor.default\">\n\t\t\t\t<div class=\"elementor-widget-container\">\n\t\t\t\t\t\t\t\t\t<p lang=\"de-DE\" align=\"LEFT\"><span style=\"font-family: Arial, sans-serif;\"><span style=\"font-size: medium;\">Das Schaffen von Erik Mamberger\/ERk_MemBRAn fasziniert durch eine Vielfalt an Bildmitteln, Formen, Konfigurationen, Linien und Fragmenten der uns umgebenden gegenst\u00e4ndlichen Welt.<\/span><\/span><\/p><p lang=\"de-DE\" align=\"LEFT\"><span style=\"font-family: Arial, sans-serif;\"><span style=\"font-size: medium;\">Seine Malerei kann als ein Dialog mit der Vergangenheit aufgefasst werden, der durch zeitgen\u00f6ssische Mittel aktualisiert und auf individuelle Weise in die Zukunft \u00fcbertragen wird.<\/span><\/span><\/p><p lang=\"de-DE\" align=\"LEFT\"><span style=\"font-family: Arial, sans-serif;\"><span style=\"font-size: medium;\">Der K\u00fcnstler setzt es sich zum Ziel, der \u00d6ffentlichkeit die zeitgen\u00f6ssische abstrakte Malerei als figurative Kunst zu pr\u00e4sentieren, die in der individuellen \u00c4sthetik verwurzelt ist.<\/span><\/span><\/p><p lang=\"de-DE\"><span style=\"font-family: Arial, sans-serif;\"><span style=\"font-size: medium;\">Im breiten, fantasievollen Spektrum seines k\u00fcnstlerischen Schaffens sehen wir unter anderem Werke aus Epoxidharz, die uns das Geheimnis der wunderbaren Komplexit\u00e4t der Sch\u00f6pfung offenbaren \u2013 beispielsweise durch die perfekten &#8222;Konstruktionen&#8220; der Insektenwelt und Mechanismen, die unsere Zeit fixieren und durch die Mysterien der einzigartigen und inspirierenden Welt der Lebewesen.<\/span><\/span><\/p><p lang=\"de-DE\" align=\"LEFT\"><span style=\"font-family: Arial, sans-serif;\"><span style=\"font-size: medium;\">Die Kunst von Erik Mamberger\/ERk_MemBRAn pr\u00e4sentiert uns eine fasznierende Malerei, die das Erfassen von Form sowie das Verh\u00e4ltnis von offensichtlichem und verborgenem Inhalt von Ph\u00e4nomenen erkundet. Die Verbindung von Moment, Form und Licht findet in seinen Werken besondere Beachtung.<\/span><\/span><\/p><p lang=\"de-DE\" align=\"LEFT\"><span style=\"font-family: Arial, sans-serif;\"><span style=\"font-size: medium;\">Das Interesse des K\u00fcnstlers gilt dem Begreifen der Welten, das einen identit\u00e4tsstiftenden Prozess darstellt. Diese Frage bestimmt seine k\u00fcnslterische Sichtweise und deren Inhalte.<\/span><\/span><\/p><p lang=\"de-DE\" align=\"LEFT\"><span style=\"font-family: Arial, sans-serif;\"><span style=\"font-size: medium;\">Die Arbeiten &#8222;Spring over fall&#8220;, &#8222;A little boat&#8220;, &#8222;Hit the Night&#8220;, &#8222;Hit the fence&#8220; verbl\u00fcffen durch ihre philosophische Bedeutung und ziehen den Betrachter in ein Mosaik aus \u00dcberlegungen \u00fcber den Zusammenhang von verschiedenen Ph\u00e4nomenen.<\/span><\/span><\/p><p lang=\"de-DE\" align=\"LEFT\"><span style=\"font-family: Arial, sans-serif;\"><span style=\"font-size: medium;\">Die Kunst von Erik Mamberger\/ERk_MemBRAn er\u00f6ffnet einen Dialograum voller Bedeutungen, Handlungsstr\u00e4nge, Techniken und Fantasien und reflektiert \u00fcber den Ort und die Essenz unseres eigenen \u201eIchs\u201c, was die Interaktion verschiedener Komponenten der uns umgebenden Welt mit einschlie\u00dft.<\/span><\/span><\/p><p lang=\"de-DE\" align=\"LEFT\"><a name=\"tw-target-text3\"><\/a> <span style=\"font-family: Arial, sans-serif;\"><span style=\"font-size: medium;\">Die vorgestellte Sammlung von Erik Mambergers Kunstwerken hat eine k\u00fcnstlerische Tradition, die von einer tiefen Reflexion \u00fcber eigene Interpretationen, tiefsinnige Suchen und Experimente zeugt.<\/span><\/span><\/p><p lang=\"de-DE\" align=\"LEFT\"><span style=\"font-family: Arial, sans-serif;\"><span style=\"font-size: medium;\">Wir sto\u00dfen auf erkennbare Elemente, die sich dem Betrachter aus ungew\u00f6hnlichen Blickwinkeln \u00f6ffnen, aber auf jeden Fall das innere Licht akzentuieren.<\/span><\/span><\/p><p lang=\"de-DE\" align=\"LEFT\"><span style=\"font-family: Arial, sans-serif;\"><span style=\"font-size: medium;\">Das Schaffen von Erik Mamberger\/ERk_MemBRAn vereint eine v\u00f6llig neue Herangehensweise und einen originellen Blick mit einzigartigen k\u00fcnstlerischen Ausdrucksmittel und einer erstaunlichen Methode der eigenen k\u00fcnstlerischen Suche.<\/span><\/span><\/p><p lang=\"de-DE\" align=\"LEFT\"><a name=\"tw-target-text4\"><\/a> <span style=\"font-family: Arial, sans-serif;\"><span style=\"font-size: medium;\">Der K\u00fcnstler bannt erfolgreich die Umrisse der Universen auf die Leinwand und verst\u00e4rkt die Bildsprache und Dramatik durch deren poetische Darstellung.<\/span><\/span><\/p><p lang=\"de-DE\" align=\"LEFT\"><span style=\"font-family: Arial, sans-serif;\"><span style=\"font-size: medium;\">Es ist eine Art intellektuelles Abenteuer, etwas zu betrachten, zu suchen und zu finden, was vorher unbekannt war. Der K\u00fcnstler hat seinen eigenen, neuen Weg und seine Interpretation gefunden und pr\u00e4sentiert sie als die Entdeckung unserer Selbst, als Welt innerhalb des Universums.<\/span><\/span><\/p>\t\t\t\t\t\t\t\t<\/div>\n\t\t\t\t<\/div>\n\t\t\t\t\t<\/div>\n\t\t<\/div>\n\t\t\t\t\t<\/div>\n\t\t<\/section>\n\t\t\t\t<\/div>\n\t\t","protected":false},"excerpt":{"rendered":"<p>Aktuelles Erik Mamberger\/ERk_MemBRAn Das Schaffen von Erik Mamberger\/ERk_MemBRAn fasziniert durch eine Vielfalt an Bildmitteln, Formen, Konfigurationen, Linien und Fragmenten der uns umgebenden gegenst\u00e4ndlichen Welt. Seine Malerei kann als ein Dialog mit der Vergangenheit aufgefasst werden, der durch zeitgen\u00f6ssische Mittel aktualisiert und auf individuelle Weise in die Zukunft \u00fcbertragen wird. Der K\u00fcnstler setzt es sich zum <a href=\"https:\/\/galerie-nudel.de\/index.php\/aktuelles-erik\/\" class=\"more-link\">\u2026\u00a0<span class=\"screen-reader-text\">  Aktuelles &#8211; Erik<\/span><\/a><\/p>\n","protected":false},"author":1,"featured_media":0,"parent":0,"menu_order":110,"comment_status":"closed","ping_status":"closed","template":"","meta":{"footnotes":""},"class_list":["post-1433","page","type-page","status-publish","hentry"],"yoast_head":"<!-- This site is optimized with the Yoast SEO plugin v27.3 - https:\/\/yoast.com\/product\/yoast-seo-wordpress\/ -->\n<title>Erik Mamberger Aktuelles - Kunst Galerie Dirk Nudel D\u00fcsseldorf<\/title>\n<meta name=\"description\" content=\"Lesen Sie hier aktuelle Themen wie Beitr\u00e4ge zu den Kunstwerken oder Ausstellungen die sich mit Erik Mamberger in Verbindung bringen lassen.\" \/>\n<meta name=\"robots\" content=\"index, follow, max-snippet:-1, max-image-preview:large, max-video-preview:-1\" \/>\n<link rel=\"canonical\" href=\"https:\/\/galerie-nudel.de\/index.php\/aktuelles-erik\/\" \/>\n<meta property=\"og:locale\" content=\"de_DE\" \/>\n<meta property=\"og:type\" content=\"article\" \/>\n<meta property=\"og:title\" content=\"Erik Mamberger Aktuelles - Kunst Galerie Dirk Nudel D\u00fcsseldorf\" \/>\n<meta property=\"og:description\" content=\"Lesen Sie hier aktuelle Themen wie Beitr\u00e4ge zu den Kunstwerken oder Ausstellungen die sich mit Erik Mamberger in Verbindung bringen lassen.\" \/>\n<meta property=\"og:url\" content=\"https:\/\/galerie-nudel.de\/index.php\/aktuelles-erik\/\" \/>\n<meta property=\"og:site_name\" content=\"Galerie Dirk Nudel\" \/>\n<meta property=\"article:modified_time\" content=\"2024-06-30T18:40:07+00:00\" \/>\n<meta name=\"twitter:card\" content=\"summary_large_image\" \/>\n<meta name=\"twitter:label1\" content=\"Gesch\u00e4tzte Lesezeit\" \/>\n\t<meta name=\"twitter:data1\" content=\"3\u00a0Minuten\" \/>\n<script type=\"application\/ld+json\" class=\"yoast-schema-graph\">{\"@context\":\"https:\\\/\\\/schema.org\",\"@graph\":[{\"@type\":\"WebPage\",\"@id\":\"https:\\\/\\\/galerie-nudel.de\\\/index.php\\\/aktuelles-erik\\\/\",\"url\":\"https:\\\/\\\/galerie-nudel.de\\\/index.php\\\/aktuelles-erik\\\/\",\"name\":\"Erik Mamberger Aktuelles - Kunst Galerie Dirk Nudel D\u00fcsseldorf\",\"isPartOf\":{\"@id\":\"https:\\\/\\\/galerie-nudel.de\\\/#website\"},\"datePublished\":\"2022-01-15T15:52:06+00:00\",\"dateModified\":\"2024-06-30T18:40:07+00:00\",\"description\":\"Lesen Sie hier aktuelle Themen wie Beitr\u00e4ge zu den Kunstwerken oder Ausstellungen die sich mit Erik Mamberger in Verbindung bringen lassen.\",\"breadcrumb\":{\"@id\":\"https:\\\/\\\/galerie-nudel.de\\\/index.php\\\/aktuelles-erik\\\/#breadcrumb\"},\"inLanguage\":\"de\",\"potentialAction\":[{\"@type\":\"ReadAction\",\"target\":[\"https:\\\/\\\/galerie-nudel.de\\\/index.php\\\/aktuelles-erik\\\/\"]}]},{\"@type\":\"BreadcrumbList\",\"@id\":\"https:\\\/\\\/galerie-nudel.de\\\/index.php\\\/aktuelles-erik\\\/#breadcrumb\",\"itemListElement\":[{\"@type\":\"ListItem\",\"position\":1,\"name\":\"Startseite\",\"item\":\"https:\\\/\\\/galerie-nudel.de\\\/\"},{\"@type\":\"ListItem\",\"position\":2,\"name\":\"Aktuelles &#8211; Erik\"}]},{\"@type\":\"WebSite\",\"@id\":\"https:\\\/\\\/galerie-nudel.de\\\/#website\",\"url\":\"https:\\\/\\\/galerie-nudel.de\\\/\",\"name\":\"Galerie Dirk Nudel\",\"description\":\"\",\"potentialAction\":[{\"@type\":\"SearchAction\",\"target\":{\"@type\":\"EntryPoint\",\"urlTemplate\":\"https:\\\/\\\/galerie-nudel.de\\\/?s={search_term_string}\"},\"query-input\":{\"@type\":\"PropertyValueSpecification\",\"valueRequired\":true,\"valueName\":\"search_term_string\"}}],\"inLanguage\":\"de\"}]}<\/script>\n<!-- \/ Yoast SEO plugin. -->","yoast_head_json":{"title":"Erik Mamberger Aktuelles - Kunst Galerie Dirk Nudel D\u00fcsseldorf","description":"Lesen Sie hier aktuelle Themen wie Beitr\u00e4ge zu den Kunstwerken oder Ausstellungen die sich mit Erik Mamberger in Verbindung bringen lassen.","robots":{"index":"index","follow":"follow","max-snippet":"max-snippet:-1","max-image-preview":"max-image-preview:large","max-video-preview":"max-video-preview:-1"},"canonical":"https:\/\/galerie-nudel.de\/index.php\/aktuelles-erik\/","og_locale":"de_DE","og_type":"article","og_title":"Erik Mamberger Aktuelles - Kunst Galerie Dirk Nudel D\u00fcsseldorf","og_description":"Lesen Sie hier aktuelle Themen wie Beitr\u00e4ge zu den Kunstwerken oder Ausstellungen die sich mit Erik Mamberger in Verbindung bringen lassen.","og_url":"https:\/\/galerie-nudel.de\/index.php\/aktuelles-erik\/","og_site_name":"Galerie Dirk Nudel","article_modified_time":"2024-06-30T18:40:07+00:00","twitter_card":"summary_large_image","twitter_misc":{"Gesch\u00e4tzte Lesezeit":"3\u00a0Minuten"},"schema":{"@context":"https:\/\/schema.org","@graph":[{"@type":"WebPage","@id":"https:\/\/galerie-nudel.de\/index.php\/aktuelles-erik\/","url":"https:\/\/galerie-nudel.de\/index.php\/aktuelles-erik\/","name":"Erik Mamberger Aktuelles - Kunst Galerie Dirk Nudel D\u00fcsseldorf","isPartOf":{"@id":"https:\/\/galerie-nudel.de\/#website"},"datePublished":"2022-01-15T15:52:06+00:00","dateModified":"2024-06-30T18:40:07+00:00","description":"Lesen Sie hier aktuelle Themen wie Beitr\u00e4ge zu den Kunstwerken oder Ausstellungen die sich mit Erik Mamberger in Verbindung bringen lassen.","breadcrumb":{"@id":"https:\/\/galerie-nudel.de\/index.php\/aktuelles-erik\/#breadcrumb"},"inLanguage":"de","potentialAction":[{"@type":"ReadAction","target":["https:\/\/galerie-nudel.de\/index.php\/aktuelles-erik\/"]}]},{"@type":"BreadcrumbList","@id":"https:\/\/galerie-nudel.de\/index.php\/aktuelles-erik\/#breadcrumb","itemListElement":[{"@type":"ListItem","position":1,"name":"Startseite","item":"https:\/\/galerie-nudel.de\/"},{"@type":"ListItem","position":2,"name":"Aktuelles &#8211; Erik"}]},{"@type":"WebSite","@id":"https:\/\/galerie-nudel.de\/#website","url":"https:\/\/galerie-nudel.de\/","name":"Galerie Dirk Nudel","description":"","potentialAction":[{"@type":"SearchAction","target":{"@type":"EntryPoint","urlTemplate":"https:\/\/galerie-nudel.de\/?s={search_term_string}"},"query-input":{"@type":"PropertyValueSpecification","valueRequired":true,"valueName":"search_term_string"}}],"inLanguage":"de"}]}},"_links":{"self":[{"href":"https:\/\/galerie-nudel.de\/index.php\/wp-json\/wp\/v2\/pages\/1433","targetHints":{"allow":["GET"]}}],"collection":[{"href":"https:\/\/galerie-nudel.de\/index.php\/wp-json\/wp\/v2\/pages"}],"about":[{"href":"https:\/\/galerie-nudel.de\/index.php\/wp-json\/wp\/v2\/types\/page"}],"author":[{"embeddable":true,"href":"https:\/\/galerie-nudel.de\/index.php\/wp-json\/wp\/v2\/users\/1"}],"replies":[{"embeddable":true,"href":"https:\/\/galerie-nudel.de\/index.php\/wp-json\/wp\/v2\/comments?post=1433"}],"version-history":[{"count":6,"href":"https:\/\/galerie-nudel.de\/index.php\/wp-json\/wp\/v2\/pages\/1433\/revisions"}],"predecessor-version":[{"id":1763,"href":"https:\/\/galerie-nudel.de\/index.php\/wp-json\/wp\/v2\/pages\/1433\/revisions\/1763"}],"wp:attachment":[{"href":"https:\/\/galerie-nudel.de\/index.php\/wp-json\/wp\/v2\/media?parent=1433"}],"curies":[{"name":"wp","href":"https:\/\/api.w.org\/{rel}","templated":true}]}}