{"id":1184,"date":"2021-11-20T21:13:52","date_gmt":"2021-11-20T21:13:52","guid":{"rendered":"https:\/\/galerie-nudel.de\/?page_id=1184"},"modified":"2025-11-07T09:31:08","modified_gmt":"2025-11-07T09:31:08","slug":"aleksey-leonov","status":"publish","type":"page","link":"https:\/\/galerie-nudel.de\/index.php\/aleksey-leonov\/","title":{"rendered":"Aleksey Leonov"},"content":{"rendered":"\t\t<div data-elementor-type=\"wp-page\" data-elementor-id=\"1184\" class=\"elementor elementor-1184\">\n\t\t\t\t\t\t<section class=\"elementor-section elementor-top-section elementor-element elementor-element-cc1595b elementor-section-boxed elementor-section-height-default elementor-section-height-default\" data-id=\"cc1595b\" data-element_type=\"section\" data-e-type=\"section\">\n\t\t\t\t\t\t<div class=\"elementor-container elementor-column-gap-default\">\n\t\t\t\t\t<div class=\"elementor-column elementor-col-100 elementor-top-column elementor-element elementor-element-e780a36\" data-id=\"e780a36\" data-element_type=\"column\" data-e-type=\"column\">\n\t\t\t<div class=\"elementor-widget-wrap elementor-element-populated\">\n\t\t\t\t\t\t<div class=\"elementor-element elementor-element-24ef4c1 elementor-widget elementor-widget-heading\" data-id=\"24ef4c1\" data-element_type=\"widget\" data-e-type=\"widget\" data-widget_type=\"heading.default\">\n\t\t\t\t<div class=\"elementor-widget-container\">\n\t\t\t\t\t<h3 class=\"elementor-heading-title elementor-size-default\">\u00dcber den K\u00fcnstler<\/h3>\t\t\t\t<\/div>\n\t\t\t\t<\/div>\n\t\t\t\t<div class=\"elementor-element elementor-element-5d0f180 elementor-widget elementor-widget-heading\" data-id=\"5d0f180\" data-element_type=\"widget\" data-e-type=\"widget\" data-widget_type=\"heading.default\">\n\t\t\t\t<div class=\"elementor-widget-container\">\n\t\t\t\t\t<h2 class=\"elementor-heading-title elementor-size-default\">Aleksey Leonov <\/h2>\t\t\t\t<\/div>\n\t\t\t\t<\/div>\n\t\t\t\t<div class=\"elementor-element elementor-element-9941d51 elementor-widget elementor-widget-image\" data-id=\"9941d51\" data-element_type=\"widget\" data-e-type=\"widget\" data-widget_type=\"image.default\">\n\t\t\t\t<div class=\"elementor-widget-container\">\n\t\t\t\t\t\t\t\t\t\t\t\t\t\t\t<img fetchpriority=\"high\" decoding=\"async\" width=\"768\" height=\"576\" src=\"https:\/\/galerie-nudel.de\/wp-content\/uploads\/2025\/10\/1.jpg\" class=\"attachment-medium_large size-medium_large wp-image-2362\" alt=\"\" srcset=\"https:\/\/galerie-nudel.de\/wp-content\/uploads\/2025\/10\/1.jpg 1440w, https:\/\/galerie-nudel.de\/wp-content\/uploads\/2025\/10\/1-300x225.jpg 300w, https:\/\/galerie-nudel.de\/wp-content\/uploads\/2025\/10\/1-1024x768.jpg 1024w\" sizes=\"(max-width: 768px) 100vw, 768px\" \/>\t\t\t\t\t\t\t\t\t\t\t\t\t\t\t<\/div>\n\t\t\t\t<\/div>\n\t\t\t\t<div class=\"elementor-element elementor-element-387db1e elementor-widget__width-initial elementor-widget elementor-widget-heading\" data-id=\"387db1e\" data-element_type=\"widget\" data-e-type=\"widget\" data-widget_type=\"heading.default\">\n\t\t\t\t<div class=\"elementor-widget-container\">\n\t\t\t\t\t<h2 class=\"elementor-heading-title elementor-size-default\">Aleksey Leonov \u00fcbergibt Papst Franziskus eine Skulptur des heiligen Franziskus von Assisi<\/h2>\t\t\t\t<\/div>\n\t\t\t\t<\/div>\n\t\t\t\t<div class=\"elementor-element elementor-element-89a27a6 elementor-widget-divider--view-line elementor-widget elementor-widget-divider\" data-id=\"89a27a6\" data-element_type=\"widget\" data-e-type=\"widget\" data-widget_type=\"divider.default\">\n\t\t\t\t<div class=\"elementor-widget-container\">\n\t\t\t\t\t\t\t<div class=\"elementor-divider\">\n\t\t\t<span class=\"elementor-divider-separator\">\n\t\t\t\t\t\t<\/span>\n\t\t<\/div>\n\t\t\t\t\t\t<\/div>\n\t\t\t\t<\/div>\n\t\t\t\t<div class=\"elementor-element elementor-element-0a6f169 elementor-widget elementor-widget-text-editor\" data-id=\"0a6f169\" data-element_type=\"widget\" data-e-type=\"widget\" data-widget_type=\"text-editor.default\">\n\t\t\t\t<div class=\"elementor-widget-container\">\n\t\t\t\t\t\t\t\t\t<p><strong>Der K\u00fcnstler Aleksey Leonov widmet sein Schaffen den gro\u00dfen Gestalten der Menschheitsgeschichte. In seinen Skulpturen erwachen jene Pers\u00f6nlichkeiten zum Leben, die durch ihre Ideen, ihr Wissen und ihre sch\u00f6pferische Kraft Kultur, Philosophie, Religion und Wissenschaft gepr\u00e4gt haben. Jede Figur wird so zu einer Hommage an den menschlichen Geist und seine unersch\u00f6pfliche Kreativit\u00e4t.<\/strong><\/p>\t\t\t\t\t\t\t\t<\/div>\n\t\t\t\t<\/div>\n\t\t\t\t<div class=\"elementor-element elementor-element-5734cb2 elementor-widget elementor-widget-text-editor\" data-id=\"5734cb2\" data-element_type=\"widget\" data-e-type=\"widget\" data-widget_type=\"text-editor.default\">\n\t\t\t\t<div class=\"elementor-widget-container\">\n\t\t\t\t\t\t\t\t\t<h4><strong>Alexey Leonov \u2013 Bildhauer der spirituellen Dimension<\/strong><br \/>Alexey Leonov \u2013 Verdienter K\u00fcnstler der Ukraine, Bildhauer-Intuitivist und Kosmist \u2013 erschafft in seinen Werken materielle Abbilder geistiger Welten.<br \/>Als aktiver Meister moderner Bildhauerei arbeitet er vorwiegend im Bereich der monumentalen und fig\u00fcrlichen Skulptur aus Schamotte und Bronze.<br \/>Ein mutiger Innovator der zeitgen\u00f6ssischen Kunst, beherrscht Leonov zugleich die klassischen Gesetze der akademischen Schule in h\u00f6chster Perfektion.<br \/>Sein Schaffen ist vielschichtig und von beeindruckender geistiger Tiefe.<br \/>Durch das Studium von Philosophie, Religion und Wissenschaften aus aller Welt er\u00f6ffnet Alexey Leonov dem Betrachter eine eigene, transzendente Wirklichkeit \u2013 eine Welt der Weisheit, Harmonie und Vollkommenheit.<br \/>In seinen Werken entsteht eine Meta-Geschichte der menschlichen Entwicklung, in der spirituelle und wissenschaftliche Suchbewegungen durch die Gestalten von Religionsgr\u00fcndern, Philosophen, Forschern und Entdeckern symbolisch dargestellt werden.<br \/>Als feinf\u00fchliger Portr\u00e4tist zeigt Leonov den Menschen als Ausdruck des g\u00f6ttlichen Sch\u00f6pfungsplans.<br \/>Seine Portr\u00e4ts sind lebendig, durchdrungen von Geist, Gedanken und innerem Leben.<br \/>Ein zentraler Themenkreis seines Werkes ist die weibliche Sch\u00f6nheit als Quelle der Inspiration sowie das Kind als Sinnbild von Reinheit und Offenheit.<br \/>Jede Skulptur zeichnet sich durch hohe Formkultur, Leichtigkeit und spirituelle Ausstrahlung aus \u2013 ein Streben nach Freiheit und innerem Licht.<\/h4><h4><strong>Ausbildung und k\u00fcnstlerische Laufbahn<\/strong><br \/>Alexey Leonov wurde in der Schule der bedeutendsten sowjetischen Meister ausgebildet.<br \/>2008 schloss er das Aufbaustudium bei Akademiemitglied V. Z. Borodai an der Nationalen Akademie der Bildenden K\u00fcnste und Architektur in Kiew ab.<br \/>Im Jahr 2024 erhielt er den Ehrentitel \u201eVerdienter K\u00fcnstler der Ukraine\u201c \u2013 eine Anerkennung seiner herausragenden Leistungen auf dem Gebiet der zeitgen\u00f6ssischen Skulptur.<\/h4><h4><strong>Internationale Ausstellungen und Werke<\/strong><br \/>Zwischen 2005 und 2025 fanden mehr als 200 Einzelausstellungen von Alexey Leonov in St\u00e4dten der Ukraine, Polens, Litauens, Lettlands und Tschechiens statt.<br \/>Seine Skulpturen sind heute in \u00fcber 80 St\u00e4dten weltweit vertreten \u2013 darunter San Francisco, New York, Washington, London, Rom, Vatikan, Porto, Prag, Budapest, Naarden, Bilbao, Baku, Chennai, Mumbai, Kalkutta und Naggar.<br \/>Mehr als 50 monumentale Werke von Alexey Leonov wurden auf allen Kontinenten installiert, darunter:<br \/>2012, Indien, Kalkutta \u2013 Denkmal f\u00fcr Mutter Teresa<br \/>2014, Indien, Chennai \u2013 B\u00fcste von H. P. Blavatsky<br \/>2016, Italien, Rom \u2013 Denkmal f\u00fcr Mutter Teresa (zweite Version)<br \/>2017, Aserbaidschan, Baku \u2013 Denkmal f\u00fcr Alfred Nobel<br \/>2018, USA, San Francisco \u2013 Denkmal f\u00fcr den heiligen Johannes von Shanghai und San Francisco<br \/>2024, Ukraine, Kiew &amp; Chmelnyzkyj \u2013 Denkmal \u201eDas Wunder des Schutzmantels der Heiligen Gottesmutter\u201c<br \/>Diese Werke bezeugen die internationale Anerkennung des K\u00fcnstlers als einen der f\u00fchrenden Vertreter der spirituellen und monumentalen Kunst unserer Zeit.<\/h4><h4><strong>K\u00fcnstlerische Philosophie und Werte<\/strong><br \/>\u201eMeine k\u00fcnstlerische Mission ist es, Menschen durch ewige Werte zu vereinen<br \/>und den Sinn und die Bestimmung des menschlichen Lebens zu offenbaren.<br \/>Sch\u00f6nheit ist das Fundament des Lebens in allen Welten.<br \/>Mein Schaffen ist Ausdruck des Strebens nach dieser Sch\u00f6nheit.\u201c<br \/>\u2014 Alexey Leonov<br \/>Die k\u00fcnstlerische Philosophie von Alexey Leonov gr\u00fcndet auf der \u00dcberzeugung,<br \/>dass wahre Kunst den Menschen mit dem G\u00f6ttlichen verbindet.<br \/>Jede Skulptur ist ein Br\u00fcckenschlag zwischen Materie und Geist,<br \/>ein Versuch, die Sch\u00f6nheit als universelle Sprache der Seele sichtbar zu machen.<br \/>Seine Werke sind nicht nur \u00e4sthetische Objekte, sondern spirituelle Symbole \u2013<br \/>ein Aufruf zur inneren Entwicklung, zur Erkenntnis und zur Wiederentdeckung des Lichts im Menschen.<\/h4>\t\t\t\t\t\t\t\t<\/div>\n\t\t\t\t<\/div>\n\t\t\t\t\t<\/div>\n\t\t<\/div>\n\t\t\t\t\t<\/div>\n\t\t<\/section>\n\t\t\t\t<section class=\"elementor-section elementor-top-section elementor-element elementor-element-d9ea9cb elementor-section-boxed elementor-section-height-default elementor-section-height-default\" data-id=\"d9ea9cb\" data-element_type=\"section\" data-e-type=\"section\">\n\t\t\t\t\t\t<div class=\"elementor-container elementor-column-gap-default\">\n\t\t\t\t\t<div class=\"elementor-column elementor-col-50 elementor-top-column elementor-element elementor-element-772c0a5\" data-id=\"772c0a5\" data-element_type=\"column\" data-e-type=\"column\">\n\t\t\t<div class=\"elementor-widget-wrap elementor-element-populated\">\n\t\t\t\t\t\t<div class=\"elementor-element elementor-element-591c7c4 elementor-widget elementor-widget-image\" data-id=\"591c7c4\" data-element_type=\"widget\" data-e-type=\"widget\" data-widget_type=\"image.default\">\n\t\t\t\t<div class=\"elementor-widget-container\">\n\t\t\t\t\t\t\t\t\t\t\t\t\t\t\t<img decoding=\"async\" width=\"768\" height=\"459\" src=\"https:\/\/galerie-nudel.de\/wp-content\/uploads\/2025\/11\/DSC_4350.jpg\" class=\"attachment-medium_large size-medium_large wp-image-2536\" alt=\"\" srcset=\"https:\/\/galerie-nudel.de\/wp-content\/uploads\/2025\/11\/DSC_4350.jpg 1807w, https:\/\/galerie-nudel.de\/wp-content\/uploads\/2025\/11\/DSC_4350-300x179.jpg 300w, https:\/\/galerie-nudel.de\/wp-content\/uploads\/2025\/11\/DSC_4350-1024x612.jpg 1024w\" sizes=\"(max-width: 768px) 100vw, 768px\" \/>\t\t\t\t\t\t\t\t\t\t\t\t\t\t\t<\/div>\n\t\t\t\t<\/div>\n\t\t\t\t\t<\/div>\n\t\t<\/div>\n\t\t\t\t<div class=\"elementor-column elementor-col-50 elementor-top-column elementor-element elementor-element-d99c120\" data-id=\"d99c120\" data-element_type=\"column\" data-e-type=\"column\">\n\t\t\t<div class=\"elementor-widget-wrap elementor-element-populated\">\n\t\t\t\t\t\t<div class=\"elementor-element elementor-element-aa10e3a elementor-widget elementor-widget-image\" data-id=\"aa10e3a\" data-element_type=\"widget\" data-e-type=\"widget\" data-widget_type=\"image.default\">\n\t\t\t\t<div class=\"elementor-widget-container\">\n\t\t\t\t\t\t\t\t\t\t\t\t\t\t\t<img decoding=\"async\" width=\"768\" height=\"512\" src=\"https:\/\/galerie-nudel.de\/wp-content\/uploads\/2025\/11\/DSC_4220.jpg\" class=\"attachment-medium_large size-medium_large wp-image-2535\" alt=\"\" srcset=\"https:\/\/galerie-nudel.de\/wp-content\/uploads\/2025\/11\/DSC_4220.jpg 1620w, https:\/\/galerie-nudel.de\/wp-content\/uploads\/2025\/11\/DSC_4220-300x200.jpg 300w, https:\/\/galerie-nudel.de\/wp-content\/uploads\/2025\/11\/DSC_4220-1024x683.jpg 1024w\" sizes=\"(max-width: 768px) 100vw, 768px\" \/>\t\t\t\t\t\t\t\t\t\t\t\t\t\t\t<\/div>\n\t\t\t\t<\/div>\n\t\t\t\t\t<\/div>\n\t\t<\/div>\n\t\t\t\t\t<\/div>\n\t\t<\/section>\n\t\t\t\t<\/div>\n\t\t","protected":false},"excerpt":{"rendered":"<p>\u00dcber den K\u00fcnstler Aleksey Leonov Aleksey Leonov \u00fcbergibt Papst Franziskus eine Skulptur des heiligen Franziskus von Assisi Der K\u00fcnstler Aleksey Leonov widmet sein Schaffen den gro\u00dfen Gestalten der Menschheitsgeschichte. In seinen Skulpturen erwachen jene Pers\u00f6nlichkeiten zum Leben, die durch ihre Ideen, ihr Wissen und ihre sch\u00f6pferische Kraft Kultur, Philosophie, Religion und Wissenschaft gepr\u00e4gt haben. Jede <a href=\"https:\/\/galerie-nudel.de\/index.php\/aleksey-leonov\/\" class=\"more-link\">\u2026\u00a0<span class=\"screen-reader-text\">  Aleksey Leonov<\/span><\/a><\/p>\n","protected":false},"author":1,"featured_media":0,"parent":0,"menu_order":80,"comment_status":"closed","ping_status":"closed","template":"","meta":{"footnotes":""},"class_list":["post-1184","page","type-page","status-publish","hentry"],"yoast_head":"<!-- This site is optimized with the Yoast SEO plugin v27.3 - https:\/\/yoast.com\/product\/yoast-seo-wordpress\/ -->\n<title>Aleksey Leonov Skulpturen - Kunst Galerie Dirk Nudel<\/title>\n<meta name=\"description\" content=\"Die \u00dcbersichtsseite des K\u00fcnstlers Aleksey Leonov. Infos zu seinen Skulpturen aus Schamotte und Bronze.\" \/>\n<meta name=\"robots\" content=\"index, follow, max-snippet:-1, max-image-preview:large, max-video-preview:-1\" \/>\n<link rel=\"canonical\" href=\"https:\/\/galerie-nudel.de\/index.php\/aleksey-leonov\/\" \/>\n<meta property=\"og:locale\" content=\"de_DE\" \/>\n<meta property=\"og:type\" content=\"article\" \/>\n<meta property=\"og:title\" content=\"Aleksey Leonov Skulpturen - Kunst Galerie Dirk Nudel\" \/>\n<meta property=\"og:description\" content=\"Die \u00dcbersichtsseite des K\u00fcnstlers Aleksey Leonov. Infos zu seinen Skulpturen aus Schamotte und Bronze.\" \/>\n<meta property=\"og:url\" content=\"https:\/\/galerie-nudel.de\/index.php\/aleksey-leonov\/\" \/>\n<meta property=\"og:site_name\" content=\"Galerie Dirk Nudel\" \/>\n<meta property=\"article:modified_time\" content=\"2025-11-07T09:31:08+00:00\" \/>\n<meta property=\"og:image\" content=\"https:\/\/galerie-nudel.de\/wp-content\/uploads\/2025\/10\/1.jpg\" \/>\n\t<meta property=\"og:image:width\" content=\"1440\" \/>\n\t<meta property=\"og:image:height\" content=\"1080\" \/>\n\t<meta property=\"og:image:type\" content=\"image\/jpeg\" \/>\n<meta name=\"twitter:card\" content=\"summary_large_image\" \/>\n<meta name=\"twitter:label1\" content=\"Gesch\u00e4tzte Lesezeit\" \/>\n\t<meta name=\"twitter:data1\" content=\"4\u00a0Minuten\" \/>\n<script type=\"application\/ld+json\" class=\"yoast-schema-graph\">{\"@context\":\"https:\\\/\\\/schema.org\",\"@graph\":[{\"@type\":\"WebPage\",\"@id\":\"https:\\\/\\\/galerie-nudel.de\\\/index.php\\\/aleksey-leonov\\\/\",\"url\":\"https:\\\/\\\/galerie-nudel.de\\\/index.php\\\/aleksey-leonov\\\/\",\"name\":\"Aleksey Leonov Skulpturen - Kunst Galerie Dirk Nudel\",\"isPartOf\":{\"@id\":\"https:\\\/\\\/galerie-nudel.de\\\/#website\"},\"primaryImageOfPage\":{\"@id\":\"https:\\\/\\\/galerie-nudel.de\\\/index.php\\\/aleksey-leonov\\\/#primaryimage\"},\"image\":{\"@id\":\"https:\\\/\\\/galerie-nudel.de\\\/index.php\\\/aleksey-leonov\\\/#primaryimage\"},\"thumbnailUrl\":\"https:\\\/\\\/galerie-nudel.de\\\/wp-content\\\/uploads\\\/2025\\\/10\\\/1.jpg\",\"datePublished\":\"2021-11-20T21:13:52+00:00\",\"dateModified\":\"2025-11-07T09:31:08+00:00\",\"description\":\"Die \u00dcbersichtsseite des K\u00fcnstlers Aleksey Leonov. Infos zu seinen Skulpturen aus Schamotte und Bronze.\",\"breadcrumb\":{\"@id\":\"https:\\\/\\\/galerie-nudel.de\\\/index.php\\\/aleksey-leonov\\\/#breadcrumb\"},\"inLanguage\":\"de\",\"potentialAction\":[{\"@type\":\"ReadAction\",\"target\":[\"https:\\\/\\\/galerie-nudel.de\\\/index.php\\\/aleksey-leonov\\\/\"]}]},{\"@type\":\"ImageObject\",\"inLanguage\":\"de\",\"@id\":\"https:\\\/\\\/galerie-nudel.de\\\/index.php\\\/aleksey-leonov\\\/#primaryimage\",\"url\":\"https:\\\/\\\/galerie-nudel.de\\\/wp-content\\\/uploads\\\/2025\\\/10\\\/1.jpg\",\"contentUrl\":\"https:\\\/\\\/galerie-nudel.de\\\/wp-content\\\/uploads\\\/2025\\\/10\\\/1.jpg\",\"width\":1440,\"height\":1080},{\"@type\":\"BreadcrumbList\",\"@id\":\"https:\\\/\\\/galerie-nudel.de\\\/index.php\\\/aleksey-leonov\\\/#breadcrumb\",\"itemListElement\":[{\"@type\":\"ListItem\",\"position\":1,\"name\":\"Startseite\",\"item\":\"https:\\\/\\\/galerie-nudel.de\\\/\"},{\"@type\":\"ListItem\",\"position\":2,\"name\":\"Aleksey Leonov\"}]},{\"@type\":\"WebSite\",\"@id\":\"https:\\\/\\\/galerie-nudel.de\\\/#website\",\"url\":\"https:\\\/\\\/galerie-nudel.de\\\/\",\"name\":\"Galerie Dirk Nudel\",\"description\":\"\",\"potentialAction\":[{\"@type\":\"SearchAction\",\"target\":{\"@type\":\"EntryPoint\",\"urlTemplate\":\"https:\\\/\\\/galerie-nudel.de\\\/?s={search_term_string}\"},\"query-input\":{\"@type\":\"PropertyValueSpecification\",\"valueRequired\":true,\"valueName\":\"search_term_string\"}}],\"inLanguage\":\"de\"}]}<\/script>\n<!-- \/ Yoast SEO plugin. -->","yoast_head_json":{"title":"Aleksey Leonov Skulpturen - Kunst Galerie Dirk Nudel","description":"Die \u00dcbersichtsseite des K\u00fcnstlers Aleksey Leonov. Infos zu seinen Skulpturen aus Schamotte und Bronze.","robots":{"index":"index","follow":"follow","max-snippet":"max-snippet:-1","max-image-preview":"max-image-preview:large","max-video-preview":"max-video-preview:-1"},"canonical":"https:\/\/galerie-nudel.de\/index.php\/aleksey-leonov\/","og_locale":"de_DE","og_type":"article","og_title":"Aleksey Leonov Skulpturen - Kunst Galerie Dirk Nudel","og_description":"Die \u00dcbersichtsseite des K\u00fcnstlers Aleksey Leonov. Infos zu seinen Skulpturen aus Schamotte und Bronze.","og_url":"https:\/\/galerie-nudel.de\/index.php\/aleksey-leonov\/","og_site_name":"Galerie Dirk Nudel","article_modified_time":"2025-11-07T09:31:08+00:00","og_image":[{"width":1440,"height":1080,"url":"https:\/\/galerie-nudel.de\/wp-content\/uploads\/2025\/10\/1.jpg","type":"image\/jpeg"}],"twitter_card":"summary_large_image","twitter_misc":{"Gesch\u00e4tzte Lesezeit":"4\u00a0Minuten"},"schema":{"@context":"https:\/\/schema.org","@graph":[{"@type":"WebPage","@id":"https:\/\/galerie-nudel.de\/index.php\/aleksey-leonov\/","url":"https:\/\/galerie-nudel.de\/index.php\/aleksey-leonov\/","name":"Aleksey Leonov Skulpturen - Kunst Galerie Dirk Nudel","isPartOf":{"@id":"https:\/\/galerie-nudel.de\/#website"},"primaryImageOfPage":{"@id":"https:\/\/galerie-nudel.de\/index.php\/aleksey-leonov\/#primaryimage"},"image":{"@id":"https:\/\/galerie-nudel.de\/index.php\/aleksey-leonov\/#primaryimage"},"thumbnailUrl":"https:\/\/galerie-nudel.de\/wp-content\/uploads\/2025\/10\/1.jpg","datePublished":"2021-11-20T21:13:52+00:00","dateModified":"2025-11-07T09:31:08+00:00","description":"Die \u00dcbersichtsseite des K\u00fcnstlers Aleksey Leonov. Infos zu seinen Skulpturen aus Schamotte und Bronze.","breadcrumb":{"@id":"https:\/\/galerie-nudel.de\/index.php\/aleksey-leonov\/#breadcrumb"},"inLanguage":"de","potentialAction":[{"@type":"ReadAction","target":["https:\/\/galerie-nudel.de\/index.php\/aleksey-leonov\/"]}]},{"@type":"ImageObject","inLanguage":"de","@id":"https:\/\/galerie-nudel.de\/index.php\/aleksey-leonov\/#primaryimage","url":"https:\/\/galerie-nudel.de\/wp-content\/uploads\/2025\/10\/1.jpg","contentUrl":"https:\/\/galerie-nudel.de\/wp-content\/uploads\/2025\/10\/1.jpg","width":1440,"height":1080},{"@type":"BreadcrumbList","@id":"https:\/\/galerie-nudel.de\/index.php\/aleksey-leonov\/#breadcrumb","itemListElement":[{"@type":"ListItem","position":1,"name":"Startseite","item":"https:\/\/galerie-nudel.de\/"},{"@type":"ListItem","position":2,"name":"Aleksey Leonov"}]},{"@type":"WebSite","@id":"https:\/\/galerie-nudel.de\/#website","url":"https:\/\/galerie-nudel.de\/","name":"Galerie Dirk Nudel","description":"","potentialAction":[{"@type":"SearchAction","target":{"@type":"EntryPoint","urlTemplate":"https:\/\/galerie-nudel.de\/?s={search_term_string}"},"query-input":{"@type":"PropertyValueSpecification","valueRequired":true,"valueName":"search_term_string"}}],"inLanguage":"de"}]}},"_links":{"self":[{"href":"https:\/\/galerie-nudel.de\/index.php\/wp-json\/wp\/v2\/pages\/1184","targetHints":{"allow":["GET"]}}],"collection":[{"href":"https:\/\/galerie-nudel.de\/index.php\/wp-json\/wp\/v2\/pages"}],"about":[{"href":"https:\/\/galerie-nudel.de\/index.php\/wp-json\/wp\/v2\/types\/page"}],"author":[{"embeddable":true,"href":"https:\/\/galerie-nudel.de\/index.php\/wp-json\/wp\/v2\/users\/1"}],"replies":[{"embeddable":true,"href":"https:\/\/galerie-nudel.de\/index.php\/wp-json\/wp\/v2\/comments?post=1184"}],"version-history":[{"count":60,"href":"https:\/\/galerie-nudel.de\/index.php\/wp-json\/wp\/v2\/pages\/1184\/revisions"}],"predecessor-version":[{"id":2558,"href":"https:\/\/galerie-nudel.de\/index.php\/wp-json\/wp\/v2\/pages\/1184\/revisions\/2558"}],"wp:attachment":[{"href":"https:\/\/galerie-nudel.de\/index.php\/wp-json\/wp\/v2\/media?parent=1184"}],"curies":[{"name":"wp","href":"https:\/\/api.w.org\/{rel}","templated":true}]}}