{"id":1137,"date":"2021-05-25T16:10:01","date_gmt":"2021-05-25T16:10:01","guid":{"rendered":"https:\/\/galerie-nudel.de\/?page_id=1137"},"modified":"2023-03-01T10:37:25","modified_gmt":"2023-03-01T10:37:25","slug":"vorteile","status":"publish","type":"page","link":"https:\/\/galerie-nudel.de\/index.php\/vorteile\/","title":{"rendered":"Ihre Vorteile"},"content":{"rendered":"\t\t<div data-elementor-type=\"wp-page\" data-elementor-id=\"1137\" class=\"elementor elementor-1137\">\n\t\t\t\t\t\t<section class=\"elementor-section elementor-top-section elementor-element elementor-element-493b7bd elementor-section-boxed elementor-section-height-default elementor-section-height-default\" data-id=\"493b7bd\" data-element_type=\"section\" data-e-type=\"section\">\n\t\t\t\t\t\t<div class=\"elementor-container elementor-column-gap-default\">\n\t\t\t\t\t<div class=\"elementor-column elementor-col-100 elementor-top-column elementor-element elementor-element-c93b7cf\" data-id=\"c93b7cf\" data-element_type=\"column\" data-e-type=\"column\">\n\t\t\t<div class=\"elementor-widget-wrap\">\n\t\t\t\t\t\t\t<\/div>\n\t\t<\/div>\n\t\t\t\t\t<\/div>\n\t\t<\/section>\n\t\t\t\t<section class=\"elementor-section elementor-top-section elementor-element elementor-element-cc1595b elementor-section-boxed elementor-section-height-default elementor-section-height-default\" data-id=\"cc1595b\" data-element_type=\"section\" data-e-type=\"section\">\n\t\t\t\t\t\t<div class=\"elementor-container elementor-column-gap-default\">\n\t\t\t\t\t<div class=\"elementor-column elementor-col-100 elementor-top-column elementor-element elementor-element-e780a36\" data-id=\"e780a36\" data-element_type=\"column\" data-e-type=\"column\">\n\t\t\t<div class=\"elementor-widget-wrap elementor-element-populated\">\n\t\t\t\t\t\t<div class=\"elementor-element elementor-element-24ef4c1 elementor-widget elementor-widget-heading\" data-id=\"24ef4c1\" data-element_type=\"widget\" data-e-type=\"widget\" data-widget_type=\"heading.default\">\n\t\t\t\t<div class=\"elementor-widget-container\">\n\t\t\t\t\t<h3 class=\"elementor-heading-title elementor-size-default\">Ihre Vorteile<\/h3>\t\t\t\t<\/div>\n\t\t\t\t<\/div>\n\t\t\t\t<div class=\"elementor-element elementor-element-5d0f180 elementor-widget elementor-widget-heading\" data-id=\"5d0f180\" data-element_type=\"widget\" data-e-type=\"widget\" data-widget_type=\"heading.default\">\n\t\t\t\t<div class=\"elementor-widget-container\">\n\t\t\t\t\t<h2 class=\"elementor-heading-title elementor-size-default\">Bilder von Viktor Kovalyk:\n\nIhre Vorteile und Ihr Nutzen<\/h2>\t\t\t\t<\/div>\n\t\t\t\t<\/div>\n\t\t\t\t<div class=\"elementor-element elementor-element-89a27a6 elementor-widget-divider--view-line elementor-widget elementor-widget-divider\" data-id=\"89a27a6\" data-element_type=\"widget\" data-e-type=\"widget\" data-widget_type=\"divider.default\">\n\t\t\t\t<div class=\"elementor-widget-container\">\n\t\t\t\t\t\t\t<div class=\"elementor-divider\">\n\t\t\t<span class=\"elementor-divider-separator\">\n\t\t\t\t\t\t<\/span>\n\t\t<\/div>\n\t\t\t\t\t\t<\/div>\n\t\t\t\t<\/div>\n\t\t\t\t<div class=\"elementor-element elementor-element-5734cb2 elementor-widget elementor-widget-text-editor\" data-id=\"5734cb2\" data-element_type=\"widget\" data-e-type=\"widget\" data-widget_type=\"text-editor.default\">\n\t\t\t\t<div class=\"elementor-widget-container\">\n\t\t\t\t\t\t\t\t\t<p><strong><span style=\"font-family: 'Arial',sans-serif;\">Geld<\/span><\/strong><span style=\"font-family: 'Arial',sans-serif;\"><strong>:<\/strong><br \/>Wenn Sie seine Bilder heute kaufen, k\u00f6nnen Sie diese in ein paar Jahren f\u00fcr den f\u00fcnffachen Preis verkaufen. Die Preise f\u00fcr Bilder von Viktor Kovalyk wachsen rasant. So sind im letzten Jahr die Werke des K\u00fcnstlers um mehr als 400% im Preis gestiegen.<\/span><\/p><p><strong><span style=\"font-family: 'Arial',sans-serif;\">Image<\/span><\/strong><span style=\"font-family: 'Arial',sans-serif;\"><strong>:<\/strong><br \/>Die wundersch\u00f6nen Bilder von Viktor Kovalyk verschaffen Ihrem Haus \/B\u00fcro ein elit\u00e4res Image in den Augen Ihrer Kunden. Die Bilder sind absolut exklusiv.<\/span><\/p><p><b><span style=\"font-family: 'Arial',sans-serif;\">Umwelt<\/span><\/b><span style=\"font-family: 'Arial',sans-serif;\">:<br \/><\/span><span style=\"font-family: 'Arial',sans-serif;\">Der K\u00fcnstler Viktor Kovalyk setzt sich f\u00fcr Naturschutz ein. Er schreibt Artikel und ruft dazu auf, die Natur zu sch\u00fctzen. Von jedem verkauften Bild werden mindestens vier B\u00e4ume eingepflanzt.<br \/><b style=\"font-family: Georgia, 'Times New Roman', 'Bitstream Charter', Times, serif;\"><span style=\"font-family: 'Arial',sans-serif;\"><br \/>Gemeinn\u00fctzigkeit<\/span><\/b>:<br \/><\/span><span style=\"font-family: 'Arial',sans-serif;\">Aus jedem Verkauf eines Gem\u00e4ldes spendet Viktor Kovalyk eine Summe an ein Frauenhaus in D\u00fcsseldorf. Damit das Leiden der Frauen etwas gelindert wird.<br \/><b style=\"font-family: Georgia, 'Times New Roman', 'Bitstream Charter', Times, serif;\"><span style=\"font-family: 'Arial',sans-serif;\"><br \/>Besondere, exklusive Technik des K\u00fcnstlers<\/span><\/b>:<br \/>Viktor Kovalyk hat in jahrelanger Suche seinen eigenen einzigartigen Still entwickelt, eine Kombination von Lack, \u00d6lfarben, Aquarell und Pigment.<br \/><\/span><\/p>\t\t\t\t\t\t\t\t<\/div>\n\t\t\t\t<\/div>\n\t\t\t\t\t<\/div>\n\t\t<\/div>\n\t\t\t\t\t<\/div>\n\t\t<\/section>\n\t\t\t\t<section class=\"elementor-section elementor-top-section elementor-element elementor-element-c6a8e14 elementor-section-boxed elementor-section-height-default elementor-section-height-default\" data-id=\"c6a8e14\" data-element_type=\"section\" data-e-type=\"section\">\n\t\t\t\t\t\t<div class=\"elementor-container elementor-column-gap-default\">\n\t\t\t\t\t<div class=\"elementor-column elementor-col-100 elementor-top-column elementor-element elementor-element-09a0a03\" data-id=\"09a0a03\" data-element_type=\"column\" data-e-type=\"column\">\n\t\t\t<div class=\"elementor-widget-wrap elementor-element-populated\">\n\t\t\t\t\t\t<div class=\"elementor-element elementor-element-9dbe460 elementor-widget elementor-widget-image\" data-id=\"9dbe460\" data-element_type=\"widget\" data-e-type=\"widget\" data-widget_type=\"image.default\">\n\t\t\t\t<div class=\"elementor-widget-container\">\n\t\t\t\t\t\t\t\t\t\t\t\t<figure class=\"wp-caption\">\n\t\t\t\t\t\t\t\t\t\t<img fetchpriority=\"high\" decoding=\"async\" width=\"721\" height=\"1024\" src=\"https:\/\/galerie-nudel.de\/wp-content\/uploads\/2021\/05\/2021-05-22-06_36_09-growmytree-certificate.pdf-Adobe-Acrobat-Reader-DC-32-bit.jpg\" class=\"attachment-large size-large wp-image-1145\" alt=\"Baumzertifikat\" srcset=\"https:\/\/galerie-nudel.de\/wp-content\/uploads\/2021\/05\/2021-05-22-06_36_09-growmytree-certificate.pdf-Adobe-Acrobat-Reader-DC-32-bit.jpg 721w, https:\/\/galerie-nudel.de\/wp-content\/uploads\/2021\/05\/2021-05-22-06_36_09-growmytree-certificate.pdf-Adobe-Acrobat-Reader-DC-32-bit-211x300.jpg 211w\" sizes=\"(max-width: 721px) 100vw, 721px\" \/>\t\t\t\t\t\t\t\t\t\t\t<figcaption class=\"widget-image-caption wp-caption-text\">Baumzertifikat <\/figcaption>\n\t\t\t\t\t\t\t\t\t\t<\/figure>\n\t\t\t\t\t\t\t\t\t<\/div>\n\t\t\t\t<\/div>\n\t\t\t\t<div class=\"elementor-element elementor-element-d2103f0 elementor-widget elementor-widget-image\" data-id=\"d2103f0\" data-element_type=\"widget\" data-e-type=\"widget\" data-widget_type=\"image.default\">\n\t\t\t\t<div class=\"elementor-widget-container\">\n\t\t\t\t\t\t\t\t\t\t\t\t<figure class=\"wp-caption\">\n\t\t\t\t\t\t\t\t\t\t<img decoding=\"async\" width=\"768\" height=\"876\" src=\"https:\/\/galerie-nudel.de\/wp-content\/uploads\/2021\/05\/Spendenbescheinigung-klein.jpg\" class=\"attachment-large size-large wp-image-1147\" alt=\"Spende Frauenhaus\" srcset=\"https:\/\/galerie-nudel.de\/wp-content\/uploads\/2021\/05\/Spendenbescheinigung-klein.jpg 768w, https:\/\/galerie-nudel.de\/wp-content\/uploads\/2021\/05\/Spendenbescheinigung-klein-263x300.jpg 263w\" sizes=\"(max-width: 768px) 100vw, 768px\" \/>\t\t\t\t\t\t\t\t\t\t\t<figcaption class=\"widget-image-caption wp-caption-text\">Spende ans Frauenhaus <\/figcaption>\n\t\t\t\t\t\t\t\t\t\t<\/figure>\n\t\t\t\t\t\t\t\t\t<\/div>\n\t\t\t\t<\/div>\n\t\t\t\t\t<\/div>\n\t\t<\/div>\n\t\t\t\t\t<\/div>\n\t\t<\/section>\n\t\t\t\t<section class=\"elementor-section elementor-top-section elementor-element elementor-element-fb4c477 elementor-section-boxed elementor-section-height-default elementor-section-height-default\" data-id=\"fb4c477\" data-element_type=\"section\" data-e-type=\"section\">\n\t\t\t\t\t\t<div class=\"elementor-container elementor-column-gap-default\">\n\t\t\t\t\t<div class=\"elementor-column elementor-col-100 elementor-top-column elementor-element elementor-element-8810782\" data-id=\"8810782\" data-element_type=\"column\" data-e-type=\"column\">\n\t\t\t<div class=\"elementor-widget-wrap\">\n\t\t\t\t\t\t\t<\/div>\n\t\t<\/div>\n\t\t\t\t\t<\/div>\n\t\t<\/section>\n\t\t\t\t<\/div>\n\t\t","protected":false},"excerpt":{"rendered":"<p>Ihre Vorteile Bilder von Viktor Kovalyk: Ihre Vorteile und Ihr Nutzen Geld: Wenn Sie seine Bilder heute kaufen, k\u00f6nnen Sie diese in ein paar Jahren f\u00fcr den f\u00fcnffachen Preis verkaufen. Die Preise f\u00fcr Bilder von Viktor Kovalyk wachsen rasant. So sind im letzten Jahr die Werke des K\u00fcnstlers um mehr als 400% im Preis gestiegen. <a href=\"https:\/\/galerie-nudel.de\/index.php\/vorteile\/\" class=\"more-link\">\u2026\u00a0<span class=\"screen-reader-text\">  Ihre Vorteile<\/span><\/a><\/p>\n","protected":false},"author":1,"featured_media":0,"parent":0,"menu_order":70,"comment_status":"closed","ping_status":"closed","template":"","meta":{"footnotes":""},"class_list":["post-1137","page","type-page","status-publish","hentry"],"yoast_head":"<!-- This site is optimized with the Yoast SEO plugin v27.3 - https:\/\/yoast.com\/product\/yoast-seo-wordpress\/ -->\n<title>Vorteile des K\u00e4ufes - Kunst Galerie Dirk Nudel D\u00fcsseldorf<\/title>\n<meta name=\"description\" content=\"Die Bilder von Viktor Kovalyk sind f\u00fcr den K\u00e4ufer eine gute Investition und Wertanlage. Gerade in Krisenzeiten ist das ein gro\u00dfer Vorteil.\" \/>\n<meta name=\"robots\" content=\"index, follow, max-snippet:-1, max-image-preview:large, max-video-preview:-1\" \/>\n<link rel=\"canonical\" href=\"https:\/\/galerie-nudel.de\/index.php\/vorteile\/\" \/>\n<meta property=\"og:locale\" content=\"de_DE\" \/>\n<meta property=\"og:type\" content=\"article\" \/>\n<meta property=\"og:title\" content=\"Vorteile des K\u00e4ufes - Kunst Galerie Dirk Nudel D\u00fcsseldorf\" \/>\n<meta property=\"og:description\" content=\"Die Bilder von Viktor Kovalyk sind f\u00fcr den K\u00e4ufer eine gute Investition und Wertanlage. Gerade in Krisenzeiten ist das ein gro\u00dfer Vorteil.\" \/>\n<meta property=\"og:url\" content=\"https:\/\/galerie-nudel.de\/index.php\/vorteile\/\" \/>\n<meta property=\"og:site_name\" content=\"Galerie Dirk Nudel\" \/>\n<meta property=\"article:modified_time\" content=\"2023-03-01T10:37:25+00:00\" \/>\n<meta property=\"og:image\" content=\"https:\/\/galerie-nudel.de\/wp-content\/uploads\/2021\/05\/2021-05-22-06_36_09-growmytree-certificate.pdf-Adobe-Acrobat-Reader-DC-32-bit.jpg\" \/>\n<meta name=\"twitter:card\" content=\"summary_large_image\" \/>\n<meta name=\"twitter:label1\" content=\"Gesch\u00e4tzte Lesezeit\" \/>\n\t<meta name=\"twitter:data1\" content=\"2\u00a0Minuten\" \/>\n<script type=\"application\/ld+json\" class=\"yoast-schema-graph\">{\"@context\":\"https:\\\/\\\/schema.org\",\"@graph\":[{\"@type\":\"WebPage\",\"@id\":\"https:\\\/\\\/galerie-nudel.de\\\/index.php\\\/vorteile\\\/\",\"url\":\"https:\\\/\\\/galerie-nudel.de\\\/index.php\\\/vorteile\\\/\",\"name\":\"Vorteile des K\u00e4ufes - Kunst Galerie Dirk Nudel D\u00fcsseldorf\",\"isPartOf\":{\"@id\":\"https:\\\/\\\/galerie-nudel.de\\\/#website\"},\"primaryImageOfPage\":{\"@id\":\"https:\\\/\\\/galerie-nudel.de\\\/index.php\\\/vorteile\\\/#primaryimage\"},\"image\":{\"@id\":\"https:\\\/\\\/galerie-nudel.de\\\/index.php\\\/vorteile\\\/#primaryimage\"},\"thumbnailUrl\":\"https:\\\/\\\/galerie-nudel.de\\\/wp-content\\\/uploads\\\/2021\\\/05\\\/2021-05-22-06_36_09-growmytree-certificate.pdf-Adobe-Acrobat-Reader-DC-32-bit.jpg\",\"datePublished\":\"2021-05-25T16:10:01+00:00\",\"dateModified\":\"2023-03-01T10:37:25+00:00\",\"description\":\"Die Bilder von Viktor Kovalyk sind f\u00fcr den K\u00e4ufer eine gute Investition und Wertanlage. Gerade in Krisenzeiten ist das ein gro\u00dfer Vorteil.\",\"breadcrumb\":{\"@id\":\"https:\\\/\\\/galerie-nudel.de\\\/index.php\\\/vorteile\\\/#breadcrumb\"},\"inLanguage\":\"de\",\"potentialAction\":[{\"@type\":\"ReadAction\",\"target\":[\"https:\\\/\\\/galerie-nudel.de\\\/index.php\\\/vorteile\\\/\"]}]},{\"@type\":\"ImageObject\",\"inLanguage\":\"de\",\"@id\":\"https:\\\/\\\/galerie-nudel.de\\\/index.php\\\/vorteile\\\/#primaryimage\",\"url\":\"https:\\\/\\\/galerie-nudel.de\\\/wp-content\\\/uploads\\\/2021\\\/05\\\/2021-05-22-06_36_09-growmytree-certificate.pdf-Adobe-Acrobat-Reader-DC-32-bit.jpg\",\"contentUrl\":\"https:\\\/\\\/galerie-nudel.de\\\/wp-content\\\/uploads\\\/2021\\\/05\\\/2021-05-22-06_36_09-growmytree-certificate.pdf-Adobe-Acrobat-Reader-DC-32-bit.jpg\",\"width\":721,\"height\":1024,\"caption\":\"Baumzertifikat\"},{\"@type\":\"BreadcrumbList\",\"@id\":\"https:\\\/\\\/galerie-nudel.de\\\/index.php\\\/vorteile\\\/#breadcrumb\",\"itemListElement\":[{\"@type\":\"ListItem\",\"position\":1,\"name\":\"Startseite\",\"item\":\"https:\\\/\\\/galerie-nudel.de\\\/\"},{\"@type\":\"ListItem\",\"position\":2,\"name\":\"Ihre Vorteile\"}]},{\"@type\":\"WebSite\",\"@id\":\"https:\\\/\\\/galerie-nudel.de\\\/#website\",\"url\":\"https:\\\/\\\/galerie-nudel.de\\\/\",\"name\":\"Galerie Dirk Nudel\",\"description\":\"\",\"potentialAction\":[{\"@type\":\"SearchAction\",\"target\":{\"@type\":\"EntryPoint\",\"urlTemplate\":\"https:\\\/\\\/galerie-nudel.de\\\/?s={search_term_string}\"},\"query-input\":{\"@type\":\"PropertyValueSpecification\",\"valueRequired\":true,\"valueName\":\"search_term_string\"}}],\"inLanguage\":\"de\"}]}<\/script>\n<!-- \/ Yoast SEO plugin. -->","yoast_head_json":{"title":"Vorteile des K\u00e4ufes - Kunst Galerie Dirk Nudel D\u00fcsseldorf","description":"Die Bilder von Viktor Kovalyk sind f\u00fcr den K\u00e4ufer eine gute Investition und Wertanlage. Gerade in Krisenzeiten ist das ein gro\u00dfer Vorteil.","robots":{"index":"index","follow":"follow","max-snippet":"max-snippet:-1","max-image-preview":"max-image-preview:large","max-video-preview":"max-video-preview:-1"},"canonical":"https:\/\/galerie-nudel.de\/index.php\/vorteile\/","og_locale":"de_DE","og_type":"article","og_title":"Vorteile des K\u00e4ufes - Kunst Galerie Dirk Nudel D\u00fcsseldorf","og_description":"Die Bilder von Viktor Kovalyk sind f\u00fcr den K\u00e4ufer eine gute Investition und Wertanlage. Gerade in Krisenzeiten ist das ein gro\u00dfer Vorteil.","og_url":"https:\/\/galerie-nudel.de\/index.php\/vorteile\/","og_site_name":"Galerie Dirk Nudel","article_modified_time":"2023-03-01T10:37:25+00:00","og_image":[{"url":"https:\/\/galerie-nudel.de\/wp-content\/uploads\/2021\/05\/2021-05-22-06_36_09-growmytree-certificate.pdf-Adobe-Acrobat-Reader-DC-32-bit.jpg","type":"","width":"","height":""}],"twitter_card":"summary_large_image","twitter_misc":{"Gesch\u00e4tzte Lesezeit":"2\u00a0Minuten"},"schema":{"@context":"https:\/\/schema.org","@graph":[{"@type":"WebPage","@id":"https:\/\/galerie-nudel.de\/index.php\/vorteile\/","url":"https:\/\/galerie-nudel.de\/index.php\/vorteile\/","name":"Vorteile des K\u00e4ufes - Kunst Galerie Dirk Nudel D\u00fcsseldorf","isPartOf":{"@id":"https:\/\/galerie-nudel.de\/#website"},"primaryImageOfPage":{"@id":"https:\/\/galerie-nudel.de\/index.php\/vorteile\/#primaryimage"},"image":{"@id":"https:\/\/galerie-nudel.de\/index.php\/vorteile\/#primaryimage"},"thumbnailUrl":"https:\/\/galerie-nudel.de\/wp-content\/uploads\/2021\/05\/2021-05-22-06_36_09-growmytree-certificate.pdf-Adobe-Acrobat-Reader-DC-32-bit.jpg","datePublished":"2021-05-25T16:10:01+00:00","dateModified":"2023-03-01T10:37:25+00:00","description":"Die Bilder von Viktor Kovalyk sind f\u00fcr den K\u00e4ufer eine gute Investition und Wertanlage. Gerade in Krisenzeiten ist das ein gro\u00dfer Vorteil.","breadcrumb":{"@id":"https:\/\/galerie-nudel.de\/index.php\/vorteile\/#breadcrumb"},"inLanguage":"de","potentialAction":[{"@type":"ReadAction","target":["https:\/\/galerie-nudel.de\/index.php\/vorteile\/"]}]},{"@type":"ImageObject","inLanguage":"de","@id":"https:\/\/galerie-nudel.de\/index.php\/vorteile\/#primaryimage","url":"https:\/\/galerie-nudel.de\/wp-content\/uploads\/2021\/05\/2021-05-22-06_36_09-growmytree-certificate.pdf-Adobe-Acrobat-Reader-DC-32-bit.jpg","contentUrl":"https:\/\/galerie-nudel.de\/wp-content\/uploads\/2021\/05\/2021-05-22-06_36_09-growmytree-certificate.pdf-Adobe-Acrobat-Reader-DC-32-bit.jpg","width":721,"height":1024,"caption":"Baumzertifikat"},{"@type":"BreadcrumbList","@id":"https:\/\/galerie-nudel.de\/index.php\/vorteile\/#breadcrumb","itemListElement":[{"@type":"ListItem","position":1,"name":"Startseite","item":"https:\/\/galerie-nudel.de\/"},{"@type":"ListItem","position":2,"name":"Ihre Vorteile"}]},{"@type":"WebSite","@id":"https:\/\/galerie-nudel.de\/#website","url":"https:\/\/galerie-nudel.de\/","name":"Galerie Dirk Nudel","description":"","potentialAction":[{"@type":"SearchAction","target":{"@type":"EntryPoint","urlTemplate":"https:\/\/galerie-nudel.de\/?s={search_term_string}"},"query-input":{"@type":"PropertyValueSpecification","valueRequired":true,"valueName":"search_term_string"}}],"inLanguage":"de"}]}},"_links":{"self":[{"href":"https:\/\/galerie-nudel.de\/index.php\/wp-json\/wp\/v2\/pages\/1137","targetHints":{"allow":["GET"]}}],"collection":[{"href":"https:\/\/galerie-nudel.de\/index.php\/wp-json\/wp\/v2\/pages"}],"about":[{"href":"https:\/\/galerie-nudel.de\/index.php\/wp-json\/wp\/v2\/types\/page"}],"author":[{"embeddable":true,"href":"https:\/\/galerie-nudel.de\/index.php\/wp-json\/wp\/v2\/users\/1"}],"replies":[{"embeddable":true,"href":"https:\/\/galerie-nudel.de\/index.php\/wp-json\/wp\/v2\/comments?post=1137"}],"version-history":[{"count":40,"href":"https:\/\/galerie-nudel.de\/index.php\/wp-json\/wp\/v2\/pages\/1137\/revisions"}],"predecessor-version":[{"id":1641,"href":"https:\/\/galerie-nudel.de\/index.php\/wp-json\/wp\/v2\/pages\/1137\/revisions\/1641"}],"wp:attachment":[{"href":"https:\/\/galerie-nudel.de\/index.php\/wp-json\/wp\/v2\/media?parent=1137"}],"curies":[{"name":"wp","href":"https:\/\/api.w.org\/{rel}","templated":true}]}}